{"id":21,"date":"2016-09-01T17:23:00","date_gmt":"2016-09-01T17:23:00","guid":{"rendered":"http:\/\/www.inepa.si\/eucrowd\/?page_id=21"},"modified":"2021-02-03T16:35:47","modified_gmt":"2021-02-03T15:35:47","slug":"results","status":"publish","type":"page","link":"https:\/\/www.inepa.si\/eucrowd\/results\/","title":{"rendered":"Results"},"content":{"rendered":"<p id=\"Contents\"><strong>List of Contents<\/strong><\/p>\n<p><a href=\"#Results\">I. Overall results and recommendations<\/a><\/p>\n<p><a href=\"#Recommendations\">II. EU crowdsourcing pilot recommendations<\/a><\/p>\n<p><a href=\"#Events\">III. International events<\/a><\/p>\n<p><a href=\"#Reports\">IV. Reports<\/a><\/p>\n<p><a href=\"#Knowledge\">V. Knowledge centre on crowdsourcing<\/a><\/p>\n<p><a href=\"#Cases\">VI. Crowdsourcing cases and platforms<\/a><\/p>\n<p><a href=\"#Youth\">VII. Youth oriented activities<\/a><\/p>\n<p><a href=\"#Social\">VIII. Social media profiles<\/a><\/p>\n<p><a href=\"#Media\">IX. Media coverage<\/a><\/p>\n<p><a href=\"#EfC\">X. EUCROWD presentations at Europe for Citizens programme workshops and others<\/a><\/p>\n<hr \/>\n<p id=\"Results\"><strong>I. Overall results and recommendations<\/strong><\/p>\n<p><a href=\"http:\/\/www.inepa.si\/eucrowd\/wp-content\/uploads\/2018\/02\/EUCROWD-project-brochure.pdf\" target=\"_blank\" rel=\"noopener noreferrer\">EUCROWD project brochure<\/a> (pdf), February 2018.<\/p>\n<div id='gallery-1' class='gallery galleryid-21 gallery-columns-2 gallery-size-large'><figure class='gallery-item'>\n\t\t\t<div class='gallery-icon landscape'>\n\t\t\t\t<a href='https:\/\/www.inepa.si\/eucrowd\/wp-content\/uploads\/2018\/02\/EUCROWD-project-brochure-1.jpg'><img loading=\"lazy\" decoding=\"async\" width=\"840\" height=\"600\" src=\"https:\/\/www.inepa.si\/eucrowd\/wp-content\/uploads\/2018\/02\/EUCROWD-project-brochure-1-1024x732.jpg\" class=\"attachment-large size-large\" alt=\"\" srcset=\"https:\/\/www.inepa.si\/eucrowd\/wp-content\/uploads\/2018\/02\/EUCROWD-project-brochure-1-1024x732.jpg 1024w, https:\/\/www.inepa.si\/eucrowd\/wp-content\/uploads\/2018\/02\/EUCROWD-project-brochure-1-300x214.jpg 300w, https:\/\/www.inepa.si\/eucrowd\/wp-content\/uploads\/2018\/02\/EUCROWD-project-brochure-1-768x549.jpg 768w, https:\/\/www.inepa.si\/eucrowd\/wp-content\/uploads\/2018\/02\/EUCROWD-project-brochure-1.jpg 1034w\" sizes=\"auto, (max-width: 709px) 85vw, (max-width: 909px) 67vw, (max-width: 1362px) 62vw, 840px\" \/><\/a>\n\t\t\t<\/div><\/figure><figure class='gallery-item'>\n\t\t\t<div class='gallery-icon landscape'>\n\t\t\t\t<a href='https:\/\/www.inepa.si\/eucrowd\/wp-content\/uploads\/2018\/02\/EUCROWD-project-brochure-2.jpg'><img loading=\"lazy\" decoding=\"async\" width=\"840\" height=\"598\" src=\"https:\/\/www.inepa.si\/eucrowd\/wp-content\/uploads\/2018\/02\/EUCROWD-project-brochure-2-1024x729.jpg\" class=\"attachment-large size-large\" alt=\"\" srcset=\"https:\/\/www.inepa.si\/eucrowd\/wp-content\/uploads\/2018\/02\/EUCROWD-project-brochure-2-1024x729.jpg 1024w, https:\/\/www.inepa.si\/eucrowd\/wp-content\/uploads\/2018\/02\/EUCROWD-project-brochure-2-300x214.jpg 300w, https:\/\/www.inepa.si\/eucrowd\/wp-content\/uploads\/2018\/02\/EUCROWD-project-brochure-2-768x547.jpg 768w, https:\/\/www.inepa.si\/eucrowd\/wp-content\/uploads\/2018\/02\/EUCROWD-project-brochure-2.jpg 1039w\" sizes=\"auto, (max-width: 709px) 85vw, (max-width: 909px) 67vw, (max-width: 1362px) 62vw, 840px\" \/><\/a>\n\t\t\t<\/div><\/figure>\n\t\t<\/div>\n\n<p style=\"text-align: right;\"><span style=\"font-size: small;\"><a href=\"#Contents\">\u2191 List of Contents \u2191<\/a><\/span><\/p>\n<hr \/>\n<p id=\"Recommendations\"><strong>II. EU crowdsourcing pilot recommendations<\/strong><\/p>\n<p><a href=\"http:\/\/www.inepa.si\/eucrowd\/wp-content\/uploads\/2018\/04\/European-crowdsourcing-pilot-recommendations.pdf\" target=\"_blank\" rel=\"noopener noreferrer\">Towards a Crowdsourcing Pilot for EU Citizens: Recommendations from the EUCROWD Project<\/a> (pdf), March 2018.<\/p>\n<p style=\"text-align: right;\"><span style=\"font-size: small;\"><a href=\"#Contents\">\u2191 List of Contents \u2191<\/a><\/span><\/p>\n<hr \/>\n<p id=\"Events\"><strong>III. International events<\/strong><\/p>\n<p>1. EUCROWD international conference: <a href=\"http:\/\/www.inepa.si\/eucrowd\/2016\/10\/01\/how-can-citizens-crowdsourcing-foster-democracy-in-europe\/\" target=\"_blank\" rel=\"noopener noreferrer\">\u201c<em>How can citizen&#8217;s crowdsourcing foster democracy in Europe?<\/em>\u201d<\/a>, Radisson Blu Plaza Hotel, Ljubljana, Slovenia, 26 October 2016.<\/p>\n<p>2. EUCROWD international workshop and meetup: <a href=\"http:\/\/www.inepa.si\/eucrowd\/2017\/01\/10\/taking-control-of-politics-can-digital-democracy-help\/\" target=\"_blank\" rel=\"noopener noreferrer\">\u201c<em>Taking control of politics: can digital democracy help?<\/em>\u201d<\/a>, Newspeak House, London, United Kingdom, 9 February 2017.<\/p>\n<p>3. EUCROWD international conference: <a href=\"http:\/\/www.inepa.si\/eucrowd\/2017\/03\/02\/crowdsourcing-a-new-european-democracy\/\" target=\"_blank\" rel=\"noopener noreferrer\">\u201c<em>Crowdsourcing a new European democracy: How can we use e-participation to bridge the gap between people and politics?<\/em>\u201d<\/a>, Amsterdam, The Netherlands, 15 March 2017.<\/p>\n<p>4. EUCROWD international conference: <a href=\"http:\/\/www.inepa.si\/eucrowd\/2017\/04\/20\/lets-crowdsource-the-future-of-europe\/\" target=\"_blank\" rel=\"noopener noreferrer\">\u201c<em>Let\u2019s Crowdsource the Future of Europe!<\/em>\u201d<\/a>, Athens, Greece, 9 May 2017.<\/p>\n<p>5. EUCROWD French conference: <a href=\"http:\/\/www.inepa.si\/eucrowd\/2017\/06\/09\/co-building-policy-with-citizens-to-improve-democracy-in-europe\/\" target=\"_blank\" rel=\"noopener noreferrer\">\u201c<em>Co-building policy with citizens to improve democracy in Europe<\/em>\u201d<\/a>, Paris, France, 20 June 2017.<\/p>\n<p>6. EUCROWD international seminar: <a href=\"http:\/\/www.inepa.si\/eucrowd\/2017\/09\/21\/open-democracy-in-practice-crowdsourcing\/\" target=\"_blank\" rel=\"noopener noreferrer\">\u201c<em>Open Democracy in Practice: Crowdsourcing<\/em>\u201d<\/a>, Helsinki, Finland, 11 October 2017.<\/p>\n<p>7. EUCROWD international event: <a href=\"http:\/\/www.inepa.si\/eucrowd\/2017\/11\/17\/from-crowd-to-action-the-future-of-digitalised-democracy-in-europe\/\" target=\"_blank\" rel=\"noopener noreferrer\">\u201c<em>From Crowd to Action \u2013 the future of digitalised democracy in Europe?<\/em>\u201d<\/a>, Riga, Latvia, 23 November 2017.<\/p>\n<p>8. EUCROWD concluding conference: <a href=\"http:\/\/www.inepa.si\/eucrowd\/2018\/02\/08\/crowdsourcing_eu_legislation\/\" target=\"_blank\" rel=\"noopener noreferrer\">\u201c<em>Crowdsourcing EU legislation: Taking decisions with citizens and not for them!<\/em>\u201d<\/a>, Brussels, Belgium, 27 February 2018.<\/p>\n<p style=\"text-align: right;\"><span style=\"font-size: small;\"><a href=\"#Contents\">\u2191 List of Contents \u2191<\/a><\/span><\/p>\n<hr \/>\n<p id=\"Reports\"><strong>IV. Reports<\/strong><\/p>\n<p>1. London EUCROWD workshop and meetup report: <a href=\"http:\/\/www.inepa.si\/eucrowd\/2017\/02\/27\/report-eucrowd-event-london\/\" target=\"_blank\" rel=\"noopener noreferrer\">\u201cTaking control of politics: can digital democracy help?\u201d<\/a>, March 2017.<\/p>\n<p>2. Ljubljana EUCROWD conference report: <a href=\"http:\/\/www.inepa.si\/eucrowd\/2016\/10\/26\/eucrowd-conference-ljubljana\/\" target=\"_blank\" rel=\"noopener noreferrer\">\u201cHow can citizen\u2019s crowdsourcing foster democracy in Europe?\u201d<\/a>, April 2017.<\/p>\n<p>3. Athens EUCROWD conference report: <a href=\"http:\/\/www.inepa.si\/eucrowd\/2017\/06\/20\/report-eucrowd-event-athens\/\" target=\"_blank\" rel=\"noopener noreferrer\">\u201cLet\u2019s crowdsource the future of Europe!\u201d<\/a>, June 2017.<\/p>\n<p>4. Paris EUCROWD conference report: <a href=\"http:\/\/www.inepa.si\/eucrowd\/2017\/09\/21\/report-eucrowd-event-paris\/\" target=\"_blank\" rel=\"noopener noreferrer\">\u201cCo-build politics with citizens to foster democracy in Europe\u201d<\/a>, September 2017.<\/p>\n<p>5. Amsterdam EUCROWD conference report: <a href=\"http:\/\/www.inepa.si\/eucrowd\/2017\/10\/10\/report-eucrowd-event-amsterdam\/\" target=\"_blank\" rel=\"noopener noreferrer\">\u201cCrowdsourcing a new European democracy\u201d<\/a>, October 2017.<\/p>\n<p>6. Riga EUCROWD conference event: <a href=\"http:\/\/www.inepa.si\/eucrowd\/2017\/12\/29\/report-eucrowd-event-riga\/\" target=\"_blank\" rel=\"noopener noreferrer\">\u201cFrom crowd to action &#8211; the future of digitalised democracy in Europe?\u201d<\/a>, December 2017.<\/p>\n<p>7. Helsinki EUCROWD conference type workshop (seminar) report: <a href=\"http:\/\/www.inepa.si\/eucrowd\/2018\/02\/09\/report-eucrowd-event-helsinki\/\" target=\"_blank\" rel=\"noopener noreferrer\">\u201cOpen democracy in practice: crowdsourcing\u201d<\/a>, February 2018.<\/p>\n<p>8. Brussels EUCROWD concluding conference report: <a href=\"http:\/\/www.inepa.si\/eucrowd\/2018\/03\/20\/report-eucrowd-event-brussels\/\" target=\"_blank\" rel=\"noopener noreferrer\">\u201cCrowdsourcing EU legislation: taking decisions with citizens and not for them!\u201d<\/a>, March 2018.<\/p>\n<p style=\"text-align: right;\"><span style=\"font-size: small;\"><a href=\"#Contents\">\u2191 List of Contents \u2191<\/a><\/span><\/p>\n<hr \/>\n<p id=\"Knowledge\"><strong>V. Knowledge centre on crowdsourcing<\/strong><\/p>\n<p>Open access <a href=\"http:\/\/ecas.issuelab.org\/?category=Crowdsourcing\" target=\"_blank\" rel=\"noopener noreferrer\">online repository<\/a> of 100+ resources on crowdsourcing as an e-participation method.<\/p>\n<p style=\"text-align: right;\"><span style=\"font-size: small;\"><a href=\"#Contents\">\u2191 List of Contents \u2191<\/a><\/span><\/p>\n<hr \/>\n<p id=\"Cases\"><strong>VI. The list of crowdsourcing cases and platforms<\/strong><\/p>\n<p><a href=\"https:\/\/rahvaalgatus.ee\/\" target=\"_blank\" rel=\"noopener noreferrer\">Citizen Initiative Portal<\/a> (Estonia)<\/p>\n<p><a href=\"https:\/\/dcentproject.eu\/\" target=\"_blank\" rel=\"noopener noreferrer\">Technologies for 21st Century democracy<\/a> (EU)<\/p>\n<p><a href=\"http:\/\/www.debatingeurope.eu\/\" target=\"_blank\" rel=\"noopener noreferrer\">Debating Europe<\/a> (EU)<\/p>\n<p><a href=\"http:\/\/ciptec.eu\/join-crowdsourcing.html\" target=\"_blank\" rel=\"noopener noreferrer\">European Crowdsourcing Campaign for Public Transport<\/a> (EU)<\/p>\n<p><a href=\"http:\/\/avoinministerio.fi\" target=\"_blank\" rel=\"noopener noreferrer\">Open Ministry<\/a> (Finland)<\/p>\n<p><a href=\"https:\/\/www.kansalaisaloite.fi\/fi\" target=\"_blank\" rel=\"noopener noreferrer\">Citizens&#8217; initiative<\/a> (Finland)<\/p>\n<p><a href=\"https:\/\/parlement-et-citoyens.fr\/\" target=\"_blank\" rel=\"noopener noreferrer\">Parlement &amp; Citoyens<\/a> (France)<\/p>\n<p><a href=\"https:\/\/cap-collectif.com\/\" target=\"_blank\" rel=\"noopener noreferrer\">Cap Collectif participatory applications<\/a> (France)<\/p>\n<p><a href=\"http:\/\/demo.democracit.org\/\" target=\"_blank\" rel=\"noopener noreferrer\">DemocracIT<\/a> (Greece)<\/p>\n<p><a href=\"https:\/\/www.synathina.gr\/en\/synathina.html\" target=\"_blank\" rel=\"noopener noreferrer\">SynAthina<\/a> (Greece)<\/p>\n<p><a href=\"https:\/\/manabalss.lv\/\" target=\"_blank\" rel=\"noopener noreferrer\">ManaBalss.lv<\/a> (Latvia)<\/p>\n<p><a href=\"http:\/\/mazaksslogs.gov.lv\/\" target=\"_blank\" rel=\"noopener noreferrer\">Reducing the burden together!<\/a> (Latvia)<\/p>\n<p><a href=\"https:\/\/e-dem.nl\/\" target=\"_blank\" rel=\"noopener noreferrer\">Digitale participatietools<\/a> (The Netherlands)<\/p>\n<p><a href=\"https:\/\/stemvanwest.amsterdam.nl\/\" target=\"_blank\" rel=\"noopener noreferrer\">The Voice of West<\/a> (The Netherlands)<\/p>\n<p><a href=\"http:\/\/www.taketask.com\/\" target=\"_blank\" rel=\"noopener noreferrer\">TakeTask<\/a> (Poland)<\/p>\n<p style=\"text-align: right;\"><span style=\"font-size: small;\"><a href=\"#Contents\">\u2191 List of Contents \u2191<\/a><\/span><\/p>\n<hr \/>\n<p id=\"Youth\"><strong>VII. Youth oriented activities<\/strong><\/p>\n<p>1. EUCROWD presentation: <a href=\"http:\/\/www.inepa.si\/eucrowd\/2016\/12\/06\/citizens-crowdsourcing-students-university-ljubljana\/\" target=\"_blank\" rel=\"noopener noreferrer\">\u201cCrowdsourcing as a mean of enhancing democratic engagement in the EU\u201d<\/a>, Faculty of Social Sciences, Ljubljana, Slovenia, 6. December 2016.<\/p>\n<p>2. EUCROWD workshop: <a href=\"http:\/\/www.inepa.si\/eucrowd\/2017\/03\/29\/citizens-crowdsourcing-at-local-level\/\" target=\"_blank\" rel=\"noopener noreferrer\">\u201cCitizens crowdsourcing at local level\u201d<\/a>, Youth Centre of Koper, Slovenia, 29. March 2017.<\/p>\n<p style=\"text-align: right;\"><span style=\"font-size: small;\"><a href=\"#Contents\">\u2191 List of Contents \u2191<\/a><\/span><\/p>\n<hr \/>\n<p id=\"Social\"><strong>VIII. Social media profiles<\/strong><\/p>\n<p><a href=\"https:\/\/twitter.com\/razprave_eu\" target=\"_blank\" rel=\"noopener noreferrer\">EUCROWD Twitter profile<\/a><\/p>\n<p><a href=\"https:\/\/twitter.com\/hashtag\/eucrowd?f=tweets&amp;vertical=default\" target=\"_blank\" rel=\"noopener noreferrer\">#eucrowd hashtag on Twitter<\/a><\/p>\n<p><a href=\"https:\/\/twitter.com\/Razprave_EU\/moments\" target=\"_blank\" rel=\"noopener noreferrer\">EUCROWD Twitter moments<\/a><\/p>\n<p><a href=\"https:\/\/www.facebook.com\/evropske.razprave\" target=\"_blank\" rel=\"noopener noreferrer\">EUCROWD Facebook profile<\/a><\/p>\n<p style=\"text-align: right;\"><span style=\"font-size: small;\"><a href=\"#Contents\">\u2191 List of Contents \u2191<\/a><\/span><\/p>\n<hr \/>\n<p id=\"Media\"><strong>IX. Media coverage<\/strong><\/p>\n<ul>\n<li><a href=\"http:\/\/www.rtvslo.si\/slovenija\/mnozicno-sodelovanje-ljudi-ne-sme-postati-nadomestek-za-politiko\/406142\" target=\"_blank\" rel=\"noopener noreferrer\">Mno\u017ei\u010dno sodelovanje ljudi ne sme postati nadomestek za politiko<\/a> (in Slovene), Public Broadcasting Multimedia Portal, 26 October 2016.<\/li>\n<\/ul>\n<ul>\n<li><a href=\"https:\/\/www.sta.si\/2317931\/mnozicno-sodelovanje-ljudi-pri-odlocanju-koristno-a-ne-sme-postati-nadomestek-ucinkovite-politike\" target=\"_blank\" rel=\"noopener noreferrer\">Mno\u017ei\u010dno sodelovanje ljudi pri odlo\u010danju koristno, a ne sme postati nadomestek u\u010dinkovite politike<\/a> (in Slovene), Slovenian Press Agency, 26 October 2016.<\/li>\n<\/ul>\n<ul>\n<li>Radio interview on the 1st National Radio Station Greece, 6 May 2017.<\/li>\n<\/ul>\n<ul>\n<li><a href=\"http:\/\/www.avgi.gr\/article\/10965\/8226186\/e-democracy-e-technete-noemosyne-ergaleio-gia-ten-symmetoche-ton-politon-sta-koina\" target=\"_blank\" rel=\"noopener noreferrer\">\u0395-democracy: \u0397 \u03c4\u03b5\u03c7\u03bd\u03b7\u03c4\u03ae \u03bd\u03bf\u03b7\u03bc\u03bf\u03c3\u03cd\u03bd\u03b7 \u03b5\u03c1\u03b3\u03b1\u03bb\u03b5\u03af\u03bf \u03b3\u03b9\u03b1 \u03c4\u03b7\u03bd \u03c3\u03c5\u03bc\u03bc\u03b5\u03c4\u03bf\u03c7\u03ae \u03c4\u03c9\u03bd \u03c0\u03bf\u03bb\u03b9\u03c4\u03ce\u03bd \u03c3\u03c4\u03b1 \u03ba\u03bf\u03b9\u03bd\u03ac<\/a> (in Greek), AVGI newspaper, 10 May 2017.<\/li>\n<\/ul>\n<ul>\n<li><a href=\"http:\/\/www.courrierdesmaires.fr\/70024\/oui-aux-civic-techs-a-condition-de-ne-pas-delaisser-le-bistrot-du-village\/\" target=\"_blank\" rel=\"noopener noreferrer\">Oui aux Civic Techs, \u00e0 condition de ne pas d\u00e9laisser \u00ab le bistrot du village \u00bb!<\/a> (in French), Le Courrier Des Maires, 21 June 2017.<\/li>\n<\/ul>\n<p style=\"text-align: right;\"><span style=\"font-size: small;\"><a href=\"#Contents\">\u2191 List of Contents \u2191<\/a><\/span><\/p>\n<hr \/>\n<p id=\"EfC\"><strong>X. EUCROWD presentations at Europe for Citizens programme workshops and others<\/strong><\/p>\n<p>6 February 2017, Ljubljana, Slovenia<\/p>\n<p>25 May 2017, Ljubljana, Slovenia<\/p>\n<p><a href=\"http:\/\/www.inepa.si\/eucrowd\/wp-content\/uploads\/2018\/04\/EUCROWD-presentation-Novo-Mesto.pdf\" target=\"_blank\" rel=\"noopener noreferrer\">16 November 2017, Novo mesto, Slovenia<\/a> (pdf)<\/p>\n<p><a href=\"http:\/\/www.inepa.si\/eucrowd\/wp-content\/uploads\/2018\/04\/EUCROWD-presentation-EACEA.pdf\" target=\"_blank\" rel=\"noopener noreferrer\">1 December 2017, Ljubljana Slovenia<\/a> (EACEA monitoring visit, pdf)<\/p>\n<p><a href=\"http:\/\/www.inepa.si\/eucrowd\/wp-content\/uploads\/2018\/04\/EUCROWD-presentation-Zagreb.pdf\" target=\"_blank\" rel=\"noopener noreferrer\">25 January 2018, Zagreb, Croatia<\/a> (pdf)<\/p>\n<p><a href=\"http:\/\/www.inepa.si\/eucrowd\/wp-content\/uploads\/2018\/04\/EUCROWD-presentation-Ljubljana.pdf\" target=\"_blank\" rel=\"noopener noreferrer\">13 February 2018, Ljubljana, Slovenia<\/a> (pdf)<\/p>\n<p>25 April 2018, EUCROWD results presentation (<a href=\"http:\/\/www.inepa.si\/eucrowd\/wp-content\/uploads\/2018\/02\/EUCROWD-project-brochure.pdf\" target=\"_blank\" rel=\"noopener noreferrer\">project brochure<\/a>) at the Ministry of Foreign Affairs of the Republic of Slovenia and the Government Communication Office in the light of the EU Citizens\u2019 Consultations Initiative, Ljubljana, Slovenia<\/p>\n<p><a href=\"http:\/\/www.inepa.si\/eucrowd\/wp-content\/uploads\/2018\/05\/EUCROWD_project_presentation_SI.pdf\" target=\"_blank\" rel=\"noopener noreferrer\">23 May 2018, Ljubljana, Slovenia<\/a> (pdf)<\/p>\n<p>20 November 2018, Maribor, Slovenia<\/p>\n<p><a href=\"http:\/\/www.inepa.si\/eucrowd\/wp-content\/uploads\/2019\/06\/EUCROWD-project-presentation-Ljubljana-2019.pdf\" target=\"_blank\" rel=\"noopener noreferrer\">19 June 2019, Ljubljana, Slovenia<\/a> (pdf)<\/p>\n<p><a href=\"http:\/\/www.inepa.si\/eucrowd\/wp-content\/uploads\/2021\/02\/EUCROWD-presentation_2020.pdf\" target=\"_blank\" rel=\"noopener noreferrer\">7 October 2020, 18th European Week of Regions and Cities<\/a> (pdf)<\/p>\n<p><a href=\"http:\/\/www.inepa.si\/eucrowd\/wp-content\/uploads\/2021\/02\/EUCROWD-presentation_2021.pdf\" target=\"_blank\" rel=\"noopener noreferrer\">3 February 2021, Closing Event for the Europe for Citizens Programme<\/a> 2014\u20132020 &#8211; The Success Stories (pdf)<\/p>\n<p style=\"text-align: right;\"><span style=\"font-size: small;\"><a href=\"#Contents\">\u2191 List of Contents \u2191<\/a><\/span><\/p>\n","protected":false},"excerpt":{"rendered":"<p>List of Contents I. Overall results and recommendations II. EU crowdsourcing pilot recommendations III. International events IV. Reports V. Knowledge centre on crowdsourcing VI. Crowdsourcing cases and platforms VII. Youth oriented activities VIII. Social media profiles IX. Media coverage X. EUCROWD presentations at Europe for Citizens programme workshops and others I. Overall results and recommendations &hellip; <a href=\"https:\/\/www.inepa.si\/eucrowd\/results\/\" class=\"more-link\">Continue reading<span class=\"screen-reader-text\"> &#8220;Results&#8221;<\/span><\/a><\/p>\n","protected":false},"author":2,"featured_media":0,"parent":0,"menu_order":0,"comment_status":"closed","ping_status":"closed","template":"","meta":{"footnotes":""},"class_list":["post-21","page","type-page","status-publish","hentry"],"_links":{"self":[{"href":"https:\/\/www.inepa.si\/eucrowd\/wp-json\/wp\/v2\/pages\/21","targetHints":{"allow":["GET"]}}],"collection":[{"href":"https:\/\/www.inepa.si\/eucrowd\/wp-json\/wp\/v2\/pages"}],"about":[{"href":"https:\/\/www.inepa.si\/eucrowd\/wp-json\/wp\/v2\/types\/page"}],"author":[{"embeddable":true,"href":"https:\/\/www.inepa.si\/eucrowd\/wp-json\/wp\/v2\/users\/2"}],"replies":[{"embeddable":true,"href":"https:\/\/www.inepa.si\/eucrowd\/wp-json\/wp\/v2\/comments?post=21"}],"version-history":[{"count":129,"href":"https:\/\/www.inepa.si\/eucrowd\/wp-json\/wp\/v2\/pages\/21\/revisions"}],"predecessor-version":[{"id":1243,"href":"https:\/\/www.inepa.si\/eucrowd\/wp-json\/wp\/v2\/pages\/21\/revisions\/1243"}],"wp:attachment":[{"href":"https:\/\/www.inepa.si\/eucrowd\/wp-json\/wp\/v2\/media?parent=21"}],"curies":[{"name":"wp","href":"https:\/\/api.w.org\/{rel}","templated":true}]}}