{"id":58,"date":"2014-05-20T08:00:40","date_gmt":"2014-05-20T08:00:40","guid":{"rendered":"http:\/\/www.inepa.si\/e-participacija-evropa\/?page_id=58"},"modified":"2014-10-13T14:04:29","modified_gmt":"2014-10-13T12:04:29","slug":"projekt","status":"publish","type":"page","link":"https:\/\/www.inepa.si\/e-participacija-evropa\/projekt\/","title":{"rendered":"O projektu"},"content":{"rendered":"<p style=\"text-align: justify;\"><span style=\"color: #333333;\">Cilj projekta <strong>&#8220;Z e-participacijo do vklju\u010dujo\u010de Evrope&#8221;<\/strong> je informirati, ozavestiti in aktivirati prebivalce Slovenije za uporabo interneta kot orodja vklju\u010devanja in opolnomo\u010denja dr\u017eavljanov v demokrati\u010dnem \u017eivljenju Evropske unije s poudarkom na evropskih volitvah, razpravi o prihodnosti Evrope in na zaposlovanju mladih. Pri\u010dakovani rezultati projekta so:<\/span><\/p>\n<p style=\"text-align: justify;\"><span style=\"color: #333333;\">(1) interaktivna spletna stran in spletna skupnost na dru\u017ebenih omre\u017ejih s koristnimi informacijami, dobrimi praksami, napotki za uporabo spletnih orodij, mnenji strokovnjakov in dr\u017eavljanov o mo\u017enostih, oblikah in u\u010dinkih elektronske participacije v institucijah EU in v Sloveniji;<\/span><\/p>\n<p style=\"text-align: justify;\"><span style=\"color: #333333;\">(2) poldnevna video konferenca z aktivnimi dr\u017eavljani in strokovnjaki ob 10. obletnici e-participacije v EU s spletno klepetalnico in vsebinskimi zaklju\u010dki;<\/span><\/p>\n<p style=\"text-align: justify;\"><span style=\"color: #333333;\">(3) repozitorij video vsebin, strokovnih prispevkov in javno dostopnih spletnih orodij;<\/span><\/p>\n<p style=\"text-align: justify;\"><span style=\"color: #333333;\">(4) najmanj 500 prebivalcev Slovenije neposredno vklju\u010denih v projekt skozi prakti\u010dno uporabo orodij.<\/span><\/p>\n<p style=\"text-align: justify;\"><span style=\"color: #333333;\">Nosilec projekta je <a href=\"http:\/\/www.inepa.si\/\" target=\"_blank\">In\u0161titut za elektronsko participacijo<\/a> v partnerstvu s <a href=\"http:\/\/studio12.si\" target=\"_blank\">Studijem 12<\/a>. Projekt sofinancira <a href=\"http:\/\/www.evropa.gov.si\/\" target=\"_blank\">Urad Vlade Republike Slovenije za komuniciranje<\/a> v okviru informativno-komunikacijskih in izobra\u017eevalnih projektov nevladnih in humanitarnih organizacij v letu 2014 (sklop A &#8211; 10. obletnica vstopa Slovenije v Evropsko unijo). Projekt ne predstavlja uradnih stali\u0161\u010d Vlade Republike Slovenije.<\/span><\/p>\n<p style=\"text-align: justify;\"><span style=\"color: #333333;\">Projekt traja od 1. aprila 2014 do 31. oktobra 2014. Skupna vrednost projekta je 7.142,00 EUR, dele\u017e sofinanciranja s strani Urada zna\u0161a 5.000,00 EUR.<\/span><\/p>\n<p style=\"text-align: justify;\"><span style=\"color: #333333;\">Za ve\u010d informacij smo dostopni na <a href=\"mailto:info@inepa.si\">info@inepa.si<\/a>.<\/span><\/p>\n<hr \/>\n<p style=\"text-align: justify;\"><span style=\"color: #333333;\"><strong>In\u0161titut za elektronsko participacijo (INePA)<\/strong> je nepridobitna nevladna organizacija, ki si prizadeva za razvoj vklju\u010dujo\u010de informacijske dru\u017ebe, nevladnega sektorja, politi\u010dne demokracije in sodelovanja javnosti s pomo\u010djo dru\u017ebeno inovativne rabe interneta na lokalni, nacionalni in evropski ravni. INePA izvaja aplikativne in razvojne projekte v sodelovanju z organizacijami in posamezniki na podro\u010dju elektronske participacije, civilnega dialoga, digitalne demokracije, elektronske uprave, odprte vlade, upravljanja interneta ter zasebnosti, varnosti in enakosti v digitalni dru\u017ebi. Aktivnosti obsegajo analize, raziskave, svetovanje, izobra\u017eevanje, informiranje, zagovorni\u0161tvo, upravljanje spletnih orodij, vklju\u010devanje ciljnih skupin, vzpostavljanje spletnih skupnosti, moderiranje komunikacijskih procesov na spletu, vklju\u010devanje spletnih aplikacij v demokrati\u010dne postopke in mre\u017eenje. In\u0161titut je \u010dlan Vseevropske mre\u017ee za elektronsko participacijo (PEP-NET), Dr\u017eavljanske mre\u017ee za srednjo in vzhodno Evropo (CEE CN), razvojnega centra CNVOS, regionalnega sti\u010di\u0161\u010da NVO osrednje Slovenije ter je uvr\u0161\u010den na seznam klju\u010dnih akterjev eParticipacije v Evropski uniji (poro\u010dilo European eParticipation Study 2009). Spletna stran <a href=\"http:\/\/www.inepa.si\">http:\/\/www.inepa.si<\/a>.<\/span><\/p>\n<p style=\"text-align: justify;\"><span style=\"color: #333333;\"><strong>Zavod Studio 12<\/strong> je neprofitni neodvisni elektronski in TV medij. Nastal je z namenom pripravljati in podpirati vsebine, ki so pomembne za kvaliteto bivanja in razvoj posameznika in celotne dru\u017ebe, ki jo kot posamezniki soustvarjamo. \u0160e posebej se osredoto\u010damo na multimedijske avdio-vizualne vsebine s podro\u010dja zdravega \u017eivljenja in ekologije, dru\u017ebenih vpra\u0161anj, med\u010dlove\u0161kih odnosov in osebnega razvoja. Studio 12 krepi optimizem v skupnosti \u2013 motivira in usmerjanja javnosti h kriti\u010dni refleksiji in aktivnemu dr\u017eavljanstvu ter spodbuja vsebinsko sodelovanje v odnosu med dr\u017eavo in civilno dru\u017ebo (ve\u010dje vklju\u010devanje idej in pobud civilne dru\u017ebe v razli\u010dne politike). Biti buden! je moto, ki mu pri svojem delu sledimo \u017ee vrsto let. Prepri\u010dani smo namre\u010d, da smo ljudje tisti, ki lahko spreminjamo dru\u017ebo in svet \u2013 in ne obratno. Dolgoro\u010dni cilj projekta je postati vsebinsko sredi\u0161\u010de, ki bo medijsko podpiralo nove konstruktivne ideje in gibanja, ki iz tega izhajajo ter ustvarjati mre\u017eo oz. medijsko platformo za dialog razli\u010dnih javnosti in vsebinskih razmi\u0161ljanj. Spletna stran <a href=\"http:\/\/www.studio12.si\">http:\/\/www.studio12.si<\/a>.<\/span><\/p>\n","protected":false},"excerpt":{"rendered":"<p>Cilj projekta &#8220;Z e-participacijo do vklju\u010dujo\u010de Evrope&#8221; je informirati, ozavestiti in aktivirati prebivalce Slovenije za uporabo interneta kot orodja vklju\u010devanja in opolnomo\u010denja dr\u017eavljanov v demokrati\u010dnem \u017eivljenju Evropske unije s poudarkom na evropskih volitvah, razpravi o prihodnosti Evrope in na zaposlovanju<\/p>\n","protected":false},"author":2,"featured_media":0,"parent":0,"menu_order":6,"comment_status":"open","ping_status":"closed","template":"","meta":{"footnotes":""},"class_list":["post-58","page","type-page","status-publish","hentry"],"_links":{"self":[{"href":"https:\/\/www.inepa.si\/e-participacija-evropa\/wp-json\/wp\/v2\/pages\/58","targetHints":{"allow":["GET"]}}],"collection":[{"href":"https:\/\/www.inepa.si\/e-participacija-evropa\/wp-json\/wp\/v2\/pages"}],"about":[{"href":"https:\/\/www.inepa.si\/e-participacija-evropa\/wp-json\/wp\/v2\/types\/page"}],"author":[{"embeddable":true,"href":"https:\/\/www.inepa.si\/e-participacija-evropa\/wp-json\/wp\/v2\/users\/2"}],"replies":[{"embeddable":true,"href":"https:\/\/www.inepa.si\/e-participacija-evropa\/wp-json\/wp\/v2\/comments?post=58"}],"version-history":[{"count":31,"href":"https:\/\/www.inepa.si\/e-participacija-evropa\/wp-json\/wp\/v2\/pages\/58\/revisions"}],"predecessor-version":[{"id":884,"href":"https:\/\/www.inepa.si\/e-participacija-evropa\/wp-json\/wp\/v2\/pages\/58\/revisions\/884"}],"wp:attachment":[{"href":"https:\/\/www.inepa.si\/e-participacija-evropa\/wp-json\/wp\/v2\/media?parent=58"}],"curies":[{"name":"wp","href":"https:\/\/api.w.org\/{rel}","templated":true}]}}