{"id":17,"date":"2014-05-15T12:08:07","date_gmt":"2014-05-15T12:08:07","guid":{"rendered":"http:\/\/www.inepa.si\/e-participacija-evropa\/?page_id=17"},"modified":"2014-10-25T09:39:41","modified_gmt":"2014-10-25T07:39:41","slug":"video-konferenca","status":"publish","type":"page","link":"https:\/\/www.inepa.si\/e-participacija-evropa\/video-konferenca\/","title":{"rendered":"Video konferenca"},"content":{"rendered":"<h5 style=\"text-align: center;\"><span style=\"color: #333333;\"><strong>Poro\u010dilo video konference &#8220;10 let e-participacije v Evropski uniji&#8221;<\/strong><\/span><\/h5>\n<p style=\"text-align: center;\"><span style=\"color: #333333;\"><strong>(23. september 2014, <a href=\"http:\/\/www.inepa.si\/\" target=\"_blank\">In\u0161titut za elektronsko participacijo<\/a> in <a href=\"http:\/\/studio12.si\" target=\"_blank\">Studio 12<\/a>.)<\/strong><\/span><\/p>\n<p style=\"text-align: center;\"><span style=\"color: #3366ff;\"><strong><a href=\"https:\/\/twitter.com\/search?q=%23ePart2014&amp;src=typd\" target=\"_blank\"><span style=\"color: #3366ff;\">#ePart2014<\/span><\/a><\/strong><\/span><\/p>\n<hr \/>\n\n<table id=\"tablepress-3\" class=\"tablepress tablepress-id-3\">\n<tbody class=\"row-striping row-hover\">\n<tr class=\"row-1\">\n\t<td class=\"column-1\"><p style=\"text-align: center;\"><span style=\"color: #333333;\"><a href=\"#1. Rezultati\">1. Rezultati<\/a><\/span><\/p><\/td><td class=\"column-2\"><p style=\"text-align: center;\"><span style=\"color: #333333;\"><a href=\"#2.-Video-posnetki-po-programu\">2. Video posnetki po programu<\/a><\/span><\/p><\/td><td class=\"column-3\"><p style=\"text-align: center;\"><span style=\"color: #333333;\"><a href=\"#3. Fotogalerija\">3. Fotogalerija<\/a><\/span><\/p><\/td><td class=\"column-4\"><p style=\"text-align: center;\"><span style=\"color: #333333;\"><a href=\"#4. Arhiv spletne klepetalnice\">4. Arhiv spletne klepetalnice<\/a><\/span><\/p><\/td><td class=\"column-5\"><p style=\"text-align: center;\"><span style=\"color: #333333;\"><a href=\"#5. Vsebinsko ozadje\">5. Vsebinsko ozadje<\/a><\/span><\/p><\/td>\n<\/tr>\n<\/tbody>\n<\/table>\n<!-- #tablepress-3 from cache -->\n<hr \/>\n<h5 style=\"text-align: justify;\"><span style=\"color: #333333;\"><strong><a name=\"1. Rezultati\"><\/a>1. Rezultati<\/strong><\/span><\/h5>\n<p style=\"text-align: justify;\"><a href=\"https:\/\/www.facebook.com\/participationweek\" target=\"_blank\"><img loading=\"lazy\" decoding=\"async\" class=\"alignleft wp-image-1101\" src=\"https:\/\/www.inepa.si\/e-participacija-evropa\/wp-content\/uploads\/2014\/05\/European-Citizen-participation-week-272x300.png\" alt=\"European Citizen participation week\" width=\"210\" height=\"232\" srcset=\"https:\/\/www.inepa.si\/e-participacija-evropa\/wp-content\/uploads\/2014\/05\/European-Citizen-participation-week-272x300.png 272w, https:\/\/www.inepa.si\/e-participacija-evropa\/wp-content\/uploads\/2014\/05\/European-Citizen-participation-week.png 467w\" sizes=\"auto, (max-width: 210px) 100vw, 210px\" \/><\/a><span style=\"color: #333333;\">Video konferenco &#8220;10 let e-participacije v Evropski uniji&#8221;, ki je potekala v okviru<a href=\"https:\/\/www.facebook.com\/participationweek\" target=\"_blank\"> Tedna dr\u017eavljanske participacije<\/a> 2014, je prek spleta spremljalo 100 gledalcev iz Slovenije, Hrva\u0161ke, Srbije, Izraela, Avstrije in Zdru\u017eenega kraljestva. O dogodku je poro\u010dala Slovenska tiskovna agencija: <em><a href=\"https:\/\/krog.sta.si\/2053382\" target=\"_blank\">Na videokonferenci za \u010dim \u0161ir\u0161i dostop do sodobnih tehnologij in politi\u010dnih znanj<\/a><\/em>. Tekom konference je spletna skupnost na dru\u017ebenih omre\u017ejih <a href=\"https:\/\/twitter.com\/Razprave_EU\" target=\"_blank\">Twitter<\/a> in <a href=\"https:\/\/www.facebook.com\/forum.evropske.razprave\" target=\"_blank\">Facebook<\/a> ustvarila 223 interakcij v povezavi z vsebino dogodka. Do zaklju\u010dka projekta 31. oktobra 2014 bo organizator dogodka In\u0161titut za elektronsko participacijo pripravil vsebinsko poro\u010dilo konference s predlogi glede uporabe interneta za krepitev demokrati\u010dnega \u017eivljenja v Evropski uniji. Video konferenca je bila organizirana kot del projekta <a href=\"https:\/\/www.inepa.si\/e-participacija-evropa\/projekt\/\" target=\"_blank\">&#8220;Z e-participacijo do vklju\u010dujo\u010de Evrope&#8221;<\/a>.<\/span><\/p>\n<hr \/>\n<h5 style=\"text-align: justify;\"><span style=\"color: #333333;\"><strong><a name=\"2.-Video-posnetki-po-programu\"><\/a>2. Video posnetki po programu<\/strong><\/span><\/h5>\n\n<table id=\"tablepress-2\" class=\"tablepress tablepress-id-2\">\n<thead>\n<tr class=\"row-1\">\n\t<th class=\"column-1\"><p style=\"text-align: center;\">Trajanje<\/p><\/th><th class=\"column-2\"><p style=\"text-align: center;\">Vsebinski sklop<\/p><\/th><th class=\"column-3\"><p style=\"text-align: center;\">Naslov<\/p><\/th><th class=\"column-4\"><p style=\"text-align: center;\">Sodelujo\u010di<\/p><\/th>\n<\/tr>\n<\/thead>\n<tbody class=\"row-striping row-hover\">\n<tr class=\"row-2\">\n\t<td class=\"column-1\"><p style=\"text-align: center;\"><span style=\"color: #333333;\">10:00-10:05<\/span><\/p><\/td><td class=\"column-2\"><p style=\"text-align: center;\"><span style=\"color: #333333;\">Uvodni video nagovor<\/span><\/p><\/td><td class=\"column-3\"><p style=\"text-align: center;\"><span style=\"color: #333333;\"><em>Predstavitev projekta \"Z e-participacijo do vklju\u010dujo\u010de Evrope\" in ciljev video konference<\/em><\/span><\/p><p style=\"text-align: center;\"><iframe loading=\"lazy\" width=\"400\" height=\"250\" src=\"\/\/www.youtube.com\/embed\/Q-eDlpYa85g?list=PL8L-N-sr4XdlspjHJvqITjneFu1Pjusr0\" frameborder=\"0\" allowfullscreen><\/iframe><\/p><\/td><td class=\"column-4\"><p style=\"text-align: center;\"><span style=\"color: #333333;\">mag. <a href=\"http:\/\/www.inepa.si\/institut-inepa\/zaposleni-sodelavci\/simon-delakorda.html\" target=\"_blank\">Simon Delakorda<\/a>, In\u0161titut za elektronsko participacijo<\/span><\/p><\/td>\n<\/tr>\n<tr class=\"row-3\">\n\t<td class=\"column-1\"><p style=\"text-align: center;\"><span style=\"color: #333333;\">10:05-10:20<\/span><\/p><\/td><td class=\"column-2\"><p style=\"text-align: center;\"><span style=\"color: #333333;\">Izhodi\u0161\u010dni diskusijski prispevek (video) <\/span><\/p><\/td><td class=\"column-3\"><p style=\"text-align: center;\"><span style=\"color: #333333;\"><em>Izzivi elektronske participacije v EU<\/em><\/span><\/p><p style=\"text-align: center;\"><iframe loading=\"lazy\" width=\"400\" height=\"250\" src=\"\/\/www.youtube.com\/embed\/TO2wIt2rCt8?list=PL8L-N-sr4XdlspjHJvqITjneFu1Pjusr0\" frameborder=\"0\" allowfullscreen><\/iframe><\/p><\/td><td class=\"column-4\"><p style=\"text-align: center;\"><span style=\"color: #333333;\">dr. <a href=\"http:\/\/www.andywilliamson.com\/\" target=\"_blank\">Andy Williamson<\/a>, Democratise<\/span><\/p><\/td>\n<\/tr>\n<tr class=\"row-4\">\n\t<td class=\"column-1\"><p style=\"text-align: center;\"><span style=\"color: #333333;\">10:20-11:20<\/span><\/p><\/td><td class=\"column-2\"><p style=\"text-align: center;\"><span style=\"color: #333333;\">1. Razpravni panel<\/span><\/p><\/td><td class=\"column-3\"><p style=\"text-align: center;\"><span style=\"color: #333333;\"><em>Vizije, iluzije in uporaba interneta za uveljavljanje volje dr\u017eavljanov Sloveniji in Evropski uniji<\/em><\/span><\/p><p style=\"text-align: center;\"><iframe loading=\"lazy\" width=\"400\" height=\"250\" src=\"\/\/www.youtube.com\/embed\/BA-BIidyq58?list=PL8L-N-sr4XdlspjHJvqITjneFu1Pjusr0\" frameborder=\"0\" allowfullscreen><\/iframe><\/p><\/td><td class=\"column-4\"><p style=\"text-align: center;\"><span style=\"color: #333333;\"><a href=\"http:\/\/ec.europa.eu\/slovenija\/vodja_predstavnistva_sl.htm\" target=\"_blank\">Nata\u0161a Gor\u0161ek Mencin<\/a>, vodja Predstavni\u0161tva Evropske komisije v Sloveniji<\/span><\/p><p style=\"text-align: center;\"><span style=\"color: #333333;\">izr. prof. dr. <a href=\"http:\/\/www.fdv.uni-lj.si\/obvestila-in-informacije\/imenik-sodelavcev\/pedagogi\/kartica\/jaroslav-berce\" target=\"_blank\">Jaroslav Berce<\/a>, Fakulteta za dru\u017ebene vede, Univerza v Ljubljani<\/span><\/p><p style=\"text-align: center;\"><span style=\"color: #333333;\">dr. <a href=\"http:\/\/pps.rea-it.si\/pps\/pps.nsf\/indexsi?OpenPage\" target=\"_blank\">Polona Pi\u010dman \u0160tefan\u010di\u010d<\/a>, direktorica Raziskovalnega centra dru\u017ebe Rea IT<\/span><\/p><p style=\"text-align: center;\"><span style=\"color: #333333;\"><a href=\"http:\/\/caa.tuwien.ac.at\/cvl\/people\/paulin\/\" target=\"_blank\">Alois Paulin<\/a>, Viena University of Technology<\/span><\/p><\/td>\n<\/tr>\n<tr class=\"row-5\">\n\t<td class=\"column-1\"><p style=\"text-align: center;\"><span style=\"color: #333333;\">11:20-11:30<\/span><\/p><\/td><td class=\"column-2\"><p style=\"text-align: center;\"><span style=\"color: #333333;\">Vpra\u0161anja<\/span><\/p><\/td><td class=\"column-3\"><p style=\"text-align: center;\"><span style=\"color: #333333;\"><em>Diskusija prek spletne klepetalnice<\/em><\/span><\/p><p style=\"text-align: center;\"><\/p><\/td><td class=\"column-4\"><p style=\"text-align: center;\"><span style=\"color: #333333;\">gledalci in spremljevalci video konference prek spleta in dru\u017ebenih omre\u017eij<\/span><\/p><\/td>\n<\/tr>\n<tr class=\"row-6\">\n\t<td class=\"column-1\"><p style=\"text-align: center;\"><span style=\"color: #333333;\">11:30-12:00<\/span><\/p><\/td><td class=\"column-2\"><p style=\"text-align: center;\"><span style=\"color: #333333;\">Odmor<\/span><\/p><\/td><td class=\"column-3\"><p style=\"text-align: center;\"><span style=\"color: #333333;\"><em>Kratke video predstavitve uspe\u0161nih primerov e-participacije in dru\u017eenje s pomo\u010djo aplikacije <a href=\"http:\/\/www.livenetlife.com\/\" target=\"_blank\">LiveNetLife<\/em><\/span><\/p><p style=\"text-align: center;\"><iframe loading=\"lazy\" width=\"400\" height=\"250\" src=\"\/\/www.youtube.com\/embed\/Vb5dbf53GjU?list=PL8L-N-sr4XdlspjHJvqITjneFu1Pjusr0\" frameborder=\"0\" allowfullscreen><\/iframe><\/p><\/td><td class=\"column-4\"><p style=\"text-align: center;\"><span style=\"color: #333333;\">gledalci in spremljevalci video konference prek spleta in dru\u017ebenih omre\u017eij<\/span><\/p><\/td>\n<\/tr>\n<tr class=\"row-7\">\n\t<td class=\"column-1\"><p style=\"text-align: center;\"><span style=\"color: #333333;\">12:00-12:15<\/span><\/p><\/td><td class=\"column-2\"><p style=\"text-align: center;\"><span style=\"color: #333333;\">Izhodi\u0161\u010dni diskusijski prispevek (video) <\/span><\/p><\/td><td class=\"column-3\"><p style=\"text-align: center;\"><span style=\"color: #333333;\"><em>Uveljavljanje dr\u017eavljanske volje s pomo\u010djo Facebook-a<\/em><\/span><\/p><p style=\"text-align: center;\"><iframe loading=\"lazy\" width=\"400\" height=\"250\" src=\"\/\/www.youtube.com\/embed\/dYDdsXCNtto?list=PL8L-N-sr4XdlspjHJvqITjneFu1Pjusr0\" frameborder=\"0\" allowfullscreen><\/iframe><\/p><\/td><td class=\"column-4\"><p style=\"text-align: center;\"><span style=\"color: #333333;\"><a href=\"http:\/\/www.matejspehar.si\/\" target=\"_blank\">Matej \u0160pehar<\/a>, vodja digitalne agencije to do \u2013 communicate online <\/span><\/p><\/td>\n<\/tr>\n<tr class=\"row-8\">\n\t<td class=\"column-1\"><p style=\"text-align: center;\"><span style=\"color: #333333;\">12:15-13:15<\/span><\/p><\/td><td class=\"column-2\"><p style=\"text-align: center;\"><span style=\"color: #333333;\">2. Razpravni panel<\/span><\/p><\/td><td class=\"column-3\"><p style=\"text-align: center;\"><span style=\"color: #333333;\"><em>Digitalna participacija mladih<\/em><\/span><\/p><p style=\"text-align: center;\"><iframe loading=\"lazy\" width=\"400\" height=\"250\" src=\"\/\/www.youtube.com\/embed\/bFPqOF9s3Uo?list=PL8L-N-sr4XdlspjHJvqITjneFu1Pjusr0\" frameborder=\"0\" allowfullscreen><\/iframe><\/p><\/td><td class=\"column-4\"><p style=\"text-align: center;\"><span style=\"color: #333333;\"><a href=\"http:\/\/www.mss.si\/sl\/tea-jarc.html\" target=\"_blank\">Tea Jarc<\/a>, predsednica Mladinskega sveta Slovenije<\/span><\/p><p style=\"text-align: center;\"><span style=\"color: #333333;\">Kaja Cunk, vodja programa Aktivno dr\u017eavljanstvo v <a href=\"http:\/\/www.pina.info\/\" target=\"_blank\">Kulturno izobra\u017eevalnem dru\u0161tvu PiNA<\/a><\/span><\/p><p style=\"text-align: center;\"><span style=\"color: #333333;\"><a href=\"http:\/\/www.simbioza.eu\/sl\/2013\/oseba\/ana-plesko\" target=\"_blank\">Ana Ple\u0161ko<\/a>, direktorica Zavoda Simbioza<\/td>\n<\/tr>\n<tr class=\"row-9\">\n\t<td class=\"column-1\"><p style=\"text-align: center;\"><span style=\"color: #333333;\">13:15-13.30<\/span><\/p><\/td><td class=\"column-2\"><p style=\"text-align: center;\"><span style=\"color: #333333;\">Vpra\u0161anja<\/span><\/p><\/td><td class=\"column-3\"><p style=\"text-align: center;\"><span style=\"color: #333333;\"><em>Diskusija prek spletne klepetalnice<\/em><\/span><\/p><\/td><td class=\"column-4\"><p style=\"text-align: center;\"><span style=\"color: #333333;\">gledalci in spremljevalci video konference prek spleta in dru\u017ebenih omre\u017eij<\/span><\/p><\/td>\n<\/tr>\n<tr class=\"row-10\">\n\t<td class=\"column-1\"><p style=\"text-align: center;\"><span style=\"color: #333333;\">13:30-14:00<\/span><\/p><\/td><td class=\"column-2\"><p style=\"text-align: center;\"><span style=\"color: #333333;\">Zaklju\u010dek konference in spletno dru\u017eenje<\/span><\/p><\/td><td class=\"column-3\"><p style=\"text-align: center;\"><span style=\"color: #333333;\"><em>Povzetek video konference in dru\u017eenje na spletu s pomo\u010djo aplikacije <a href=\"http:\/\/www.livenetlife.com\/\" target=\"_blank\">LiveNetLife<\/em><\/span><\/p><p style=\"text-align: center;\"><iframe loading=\"lazy\" width=\"400\" height=\"250\" src=\"\/\/www.youtube.com\/embed\/aGBCZAxOpQ8?list=PL8L-N-sr4XdlspjHJvqITjneFu1Pjusr0\" frameborder=\"0\" allowfullscreen><\/iframe><\/p><\/td><td class=\"column-4\"><p style=\"text-align: center;\"><span style=\"color: #333333;\">mag. <a href=\"http:\/\/www.inepa.si\/institut-inepa\/zaposleni-sodelavci\/simon-delakorda.html\" target=\"_blank\">Simon Delakorda<\/a>, In\u0161titut za elektronsko participacijo<\/span><\/p><\/td>\n<\/tr>\n<\/tbody>\n<\/table>\n<!-- #tablepress-2 from cache -->\n<hr \/>\n<h5 style=\"text-align: justify;\"><span style=\"color: #333333;\"><strong><a name=\"3. Fotogalerija\"><\/a>3. Fotogalerija<\/strong><\/span><\/h5>\n<div id='gallery-1' class='gallery galleryid-17 gallery-columns-3 gallery-size-medium'><figure class='gallery-item'>\n\t\t\t<div class='gallery-icon landscape'>\n\t\t\t\t<a href='https:\/\/www.inepa.si\/e-participacija-evropa\/wp-content\/uploads\/2014\/10\/1-ePart2014-zaodrje.png'><img loading=\"lazy\" decoding=\"async\" width=\"300\" height=\"166\" src=\"https:\/\/www.inepa.si\/e-participacija-evropa\/wp-content\/uploads\/2014\/10\/1-ePart2014-zaodrje-300x166.png\" class=\"attachment-medium size-medium\" alt=\"\" aria-describedby=\"gallery-1-1242\" srcset=\"https:\/\/www.inepa.si\/e-participacija-evropa\/wp-content\/uploads\/2014\/10\/1-ePart2014-zaodrje-300x166.png 300w, https:\/\/www.inepa.si\/e-participacija-evropa\/wp-content\/uploads\/2014\/10\/1-ePart2014-zaodrje.png 613w\" sizes=\"auto, (max-width: 300px) 100vw, 300px\" \/><\/a>\n\t\t\t<\/div>\n\t\t\t\t<figcaption class='wp-caption-text gallery-caption' id='gallery-1-1242'>\n\t\t\t\tZaodrje video konference &#8220;10 let e-participacije v Evropski uniji&#8221;\n\t\t\t\t<\/figcaption><\/figure><figure class='gallery-item'>\n\t\t\t<div class='gallery-icon landscape'>\n\t\t\t\t<a href='https:\/\/www.inepa.si\/e-participacija-evropa\/wp-content\/uploads\/2014\/10\/2-ePart2014-Andy.png'><img loading=\"lazy\" decoding=\"async\" width=\"300\" height=\"166\" src=\"https:\/\/www.inepa.si\/e-participacija-evropa\/wp-content\/uploads\/2014\/10\/2-ePart2014-Andy-300x166.png\" class=\"attachment-medium size-medium\" alt=\"\" aria-describedby=\"gallery-1-1243\" srcset=\"https:\/\/www.inepa.si\/e-participacija-evropa\/wp-content\/uploads\/2014\/10\/2-ePart2014-Andy-300x166.png 300w, https:\/\/www.inepa.si\/e-participacija-evropa\/wp-content\/uploads\/2014\/10\/2-ePart2014-Andy.png 613w\" sizes=\"auto, (max-width: 300px) 100vw, 300px\" \/><\/a>\n\t\t\t<\/div>\n\t\t\t\t<figcaption class='wp-caption-text gallery-caption' id='gallery-1-1243'>\n\t\t\t\tIzzivi elektronske participacije v EU (dr. Andy Williamson, Democratise)\n\t\t\t\t<\/figcaption><\/figure><figure class='gallery-item'>\n\t\t\t<div class='gallery-icon landscape'>\n\t\t\t\t<a href='https:\/\/www.inepa.si\/e-participacija-evropa\/wp-content\/uploads\/2014\/10\/3-ePart2014-panel-1.png'><img loading=\"lazy\" decoding=\"async\" width=\"300\" height=\"166\" src=\"https:\/\/www.inepa.si\/e-participacija-evropa\/wp-content\/uploads\/2014\/10\/3-ePart2014-panel-1-300x166.png\" class=\"attachment-medium size-medium\" alt=\"\" aria-describedby=\"gallery-1-1244\" srcset=\"https:\/\/www.inepa.si\/e-participacija-evropa\/wp-content\/uploads\/2014\/10\/3-ePart2014-panel-1-300x166.png 300w, https:\/\/www.inepa.si\/e-participacija-evropa\/wp-content\/uploads\/2014\/10\/3-ePart2014-panel-1.png 613w\" sizes=\"auto, (max-width: 300px) 100vw, 300px\" \/><\/a>\n\t\t\t<\/div>\n\t\t\t\t<figcaption class='wp-caption-text gallery-caption' id='gallery-1-1244'>\n\t\t\t\tVizije, iluzije in uporaba interneta za uveljavljanje volje dr\u017eavljanov (1. panel)\n\t\t\t\t<\/figcaption><\/figure><figure class='gallery-item'>\n\t\t\t<div class='gallery-icon landscape'>\n\t\t\t\t<a href='https:\/\/www.inepa.si\/e-participacija-evropa\/wp-content\/uploads\/2014\/10\/4-ePart2014-Matej.png'><img loading=\"lazy\" decoding=\"async\" width=\"300\" height=\"166\" src=\"https:\/\/www.inepa.si\/e-participacija-evropa\/wp-content\/uploads\/2014\/10\/4-ePart2014-Matej-300x166.png\" class=\"attachment-medium size-medium\" alt=\"\" aria-describedby=\"gallery-1-1245\" srcset=\"https:\/\/www.inepa.si\/e-participacija-evropa\/wp-content\/uploads\/2014\/10\/4-ePart2014-Matej-300x166.png 300w, https:\/\/www.inepa.si\/e-participacija-evropa\/wp-content\/uploads\/2014\/10\/4-ePart2014-Matej.png 613w\" sizes=\"auto, (max-width: 300px) 100vw, 300px\" \/><\/a>\n\t\t\t<\/div>\n\t\t\t\t<figcaption class='wp-caption-text gallery-caption' id='gallery-1-1245'>\n\t\t\t\tUveljavljanje dr\u017eavljanske volje s pomo\u010djo Facebook-a (Matej \u0160pehar)\n\t\t\t\t<\/figcaption><\/figure><figure class='gallery-item'>\n\t\t\t<div class='gallery-icon landscape'>\n\t\t\t\t<a href='https:\/\/www.inepa.si\/e-participacija-evropa\/wp-content\/uploads\/2014\/10\/5-ePart2014-panel-2.png'><img loading=\"lazy\" decoding=\"async\" width=\"300\" height=\"166\" src=\"https:\/\/www.inepa.si\/e-participacija-evropa\/wp-content\/uploads\/2014\/10\/5-ePart2014-panel-2-300x166.png\" class=\"attachment-medium size-medium\" alt=\"\" aria-describedby=\"gallery-1-1246\" srcset=\"https:\/\/www.inepa.si\/e-participacija-evropa\/wp-content\/uploads\/2014\/10\/5-ePart2014-panel-2-300x166.png 300w, https:\/\/www.inepa.si\/e-participacija-evropa\/wp-content\/uploads\/2014\/10\/5-ePart2014-panel-2.png 613w\" sizes=\"auto, (max-width: 300px) 100vw, 300px\" \/><\/a>\n\t\t\t<\/div>\n\t\t\t\t<figcaption class='wp-caption-text gallery-caption' id='gallery-1-1246'>\n\t\t\t\tZaodrje video konference &#8220;10 let e-participacije v Evropski uniji&#8221;\n\t\t\t\t<\/figcaption><\/figure><figure class='gallery-item'>\n\t\t\t<div class='gallery-icon landscape'>\n\t\t\t\t<a href='https:\/\/www.inepa.si\/e-participacija-evropa\/wp-content\/uploads\/2014\/10\/6-ePart2014-panel-2.png'><img loading=\"lazy\" decoding=\"async\" width=\"300\" height=\"166\" src=\"https:\/\/www.inepa.si\/e-participacija-evropa\/wp-content\/uploads\/2014\/10\/6-ePart2014-panel-2-300x166.png\" class=\"attachment-medium size-medium\" alt=\"\" aria-describedby=\"gallery-1-1247\" srcset=\"https:\/\/www.inepa.si\/e-participacija-evropa\/wp-content\/uploads\/2014\/10\/6-ePart2014-panel-2-300x166.png 300w, https:\/\/www.inepa.si\/e-participacija-evropa\/wp-content\/uploads\/2014\/10\/6-ePart2014-panel-2.png 613w\" sizes=\"auto, (max-width: 300px) 100vw, 300px\" \/><\/a>\n\t\t\t<\/div>\n\t\t\t\t<figcaption class='wp-caption-text gallery-caption' id='gallery-1-1247'>\n\t\t\t\tDigitalna participacija mladih (2. panel)\n\t\t\t\t<\/figcaption><\/figure>\n\t\t<\/div>\n\n<hr \/>\n<h5 style=\"text-align: justify;\"><span style=\"color: #333333;\"><strong><a name=\"4. Arhiv spletne klepetalnice\"><\/a>4. Arhiv spletne klepetalnice<\/strong><\/span><\/h5>\n<p style=\"text-align: center;\"><a href=\"https:\/\/www.inepa.si\/e-participacija-evropa\/wp-content\/uploads\/2014\/05\/Arhiv-klepetalnice-23-10-2014-ePart2014.pdf\" target=\"_blank\">Zapis spletne klepetalnice ePart2014<\/a><span style=\"color: #333333;\"> (pdf)<\/span><\/p>\n<p style=\"text-align: center;\"><a href=\"https:\/\/www.inepa.si\/e-participacija-evropa\/wp-content\/uploads\/2014\/05\/LNL-ePart-2014-2.png\"><img loading=\"lazy\" decoding=\"async\" class=\"aligncenter wp-image-1251 size-large\" src=\"https:\/\/www.inepa.si\/e-participacija-evropa\/wp-content\/uploads\/2014\/05\/LNL-ePart-2014-2-1024x547.png\" alt=\"LNL-ePart-2014-2\" width=\"700\" height=\"373\" srcset=\"https:\/\/www.inepa.si\/e-participacija-evropa\/wp-content\/uploads\/2014\/05\/LNL-ePart-2014-2-1024x547.png 1024w, https:\/\/www.inepa.si\/e-participacija-evropa\/wp-content\/uploads\/2014\/05\/LNL-ePart-2014-2-300x160.png 300w, https:\/\/www.inepa.si\/e-participacija-evropa\/wp-content\/uploads\/2014\/05\/LNL-ePart-2014-2.png 1182w\" sizes=\"auto, (max-width: 700px) 100vw, 700px\" \/><\/a><\/p>\n<hr \/>\n<h5 style=\"text-align: justify;\"><span style=\"color: #333333;\"><strong><a name=\"5. Vsebinsko ozadje\"><\/a>5. Vsebinsko ozadje<\/strong><\/span><\/h5>\n<p style=\"text-align: justify;\"><span style=\"color: #333333;\">V zadnjem desetletju se je Evropska unija uveljavila kot ena izmed vodilnih politi\u010dnih skupnosti pri <a href=\"https:\/\/www.inepa.si\/e-participacija-evropa\/e-participacija-v-eu\/\" target=\"_blank\">uporabi interneta za udele\u017ebo<\/a> v postopkih upravljanja in vladanja (e-participacija). Na ravni dr\u017eav \u010dlanic in <a href=\"https:\/\/www.inepa.si\/e-participacija-evropa\/vkljuci-se\/\" target=\"_blank\">evropskih institucij<\/a> smo pri\u010da razvoju razli\u010dnih oblik digitalnega dostopa do informacij, spletnih posvetovanj pri oblikovanju zakonodaje in politik, internetnih peticij in celo elektronskih volitev. Ne glede na to pa zaupanje prebivalcev v politi\u010dne institucije ostaja <a href=\"http:\/\/www.evropa.gov.si\/si\/javno-mnenje\/\" target=\"_blank\">\u0161e naprej nizko<\/a>, prisotno je tudi prepri\u010danje, da njihov glas ne \u0161teje.<\/span><\/p>\n<p style=\"text-align: justify;\"><span style=\"color: #333333;\">Namen konference je predstaviti stanje na podro\u010dju uporabe interneta za spodbujanje demokrati\u010dne udele\u017ebe v Sloveniji in Evropski uniji, izpostaviti dobre prakse na ravni odlo\u010devalskih institucij in civilne dru\u017ebe, opozoriti na ovire ter poiskati razloge in re\u0161itve za razkorak med tehnolo\u0161kimi zmo\u017enostmi in demokrati\u010dnimi u\u010dinki. Vsebina bo ume\u0161\u010dena v kontekst razprav o prihodnosti Evrope in vklju\u010devanja mladih. Cilj konference je oblikovati priporo\u010dila glede uporabe uporabe interneta pri krepitvi demokrati\u010dnega \u017eivljenja v EU.<\/span><\/p>\n<p style=\"text-align: justify;\"><span style=\"color: #333333;\">Ve\u010d informacij o vsebinskem ozadju konference je dostopnih na spletni povezavi <a href=\"https:\/\/www.inepa.si\/e-participacija-evropa\/e-participacija-v-eu\/\" target=\"_blank\">E-participacija v Evropski uniji<\/a>.<\/span><\/p>\n<p style=\"text-align: justify;\"><span style=\"color: #333333;\">Video konferenca je bila organizirana kot del projekta <a href=\"https:\/\/www.inepa.si\/e-participacija-evropa\/projekt\/\" target=\"_blank\">&#8220;Z e-participacijo do vklju\u010dujo\u010de Evrope&#8221;<\/a>Projekt sofinancira <a href=\"http:\/\/www.evropa.gov.si\/\" target=\"_blank\">, katerega sofinancira Urad Vlade Republike Slovenije za komuniciranje<\/a> v okviru informativno-komunikacijskih in izobra\u017eevalnih projektov nevladnih in humanitarnih organizacij v letu 2014 (sklop A &#8211; 10. obletnica vstopa Slovenije v Evropsko unijo). Projekt ne predstavlja uradnih stali\u0161\u010d Vlade Republike Slovenije.<\/span><\/p>\n","protected":false},"excerpt":{"rendered":"<p>Poro\u010dilo video konference &#8220;10 let e-participacije v Evropski uniji&#8221; (23. september 2014, In\u0161titut za elektronsko participacijo in Studio 12.) #ePart2014 1. Rezultati Video konferenco &#8220;10 let e-participacije v Evropski uniji&#8221;, ki je potekala v okviru Tedna dr\u017eavljanske participacije 2014, je<\/p>\n","protected":false},"author":2,"featured_media":0,"parent":0,"menu_order":4,"comment_status":"open","ping_status":"closed","template":"","meta":{"footnotes":""},"class_list":["post-17","page","type-page","status-publish","hentry"],"_links":{"self":[{"href":"https:\/\/www.inepa.si\/e-participacija-evropa\/wp-json\/wp\/v2\/pages\/17","targetHints":{"allow":["GET"]}}],"collection":[{"href":"https:\/\/www.inepa.si\/e-participacija-evropa\/wp-json\/wp\/v2\/pages"}],"about":[{"href":"https:\/\/www.inepa.si\/e-participacija-evropa\/wp-json\/wp\/v2\/types\/page"}],"author":[{"embeddable":true,"href":"https:\/\/www.inepa.si\/e-participacija-evropa\/wp-json\/wp\/v2\/users\/2"}],"replies":[{"embeddable":true,"href":"https:\/\/www.inepa.si\/e-participacija-evropa\/wp-json\/wp\/v2\/comments?post=17"}],"version-history":[{"count":215,"href":"https:\/\/www.inepa.si\/e-participacija-evropa\/wp-json\/wp\/v2\/pages\/17\/revisions"}],"predecessor-version":[{"id":1324,"href":"https:\/\/www.inepa.si\/e-participacija-evropa\/wp-json\/wp\/v2\/pages\/17\/revisions\/1324"}],"wp:attachment":[{"href":"https:\/\/www.inepa.si\/e-participacija-evropa\/wp-json\/wp\/v2\/media?parent=17"}],"curies":[{"name":"wp","href":"https:\/\/api.w.org\/{rel}","templated":true}]}}