{"id":1346,"date":"2014-10-25T10:43:19","date_gmt":"2014-10-25T08:43:19","guid":{"rendered":"http:\/\/www.inepa.si\/e-participacija-evropa\/?page_id=1346"},"modified":"2014-10-27T18:33:05","modified_gmt":"2014-10-27T17:33:05","slug":"dobre-prakse","status":"publish","type":"page","link":"https:\/\/www.inepa.si\/e-participacija-evropa\/dobre-prakse\/","title":{"rendered":"Dobre prakse"},"content":{"rendered":"<p style=\"text-align: justify;\"><span style=\"color: #333333;\">Vabljeni k ogledu pregleda <strong>petnajstih evropskih dobrih praks \/ konceptov e-participacije<\/strong> na podro\u010dju uporabe interneta za demokrati\u010dno udele\u017ebo in uveljavljanja dr\u017eavljanske volje. Primeri so izbranih na podlagi javnega glasovanja na <a href=\"http:\/\/www.coe.int\/en\/web\/world-forum-democracy\/labs-2013\" target=\"_blank\">Svetovnem forumu za demokracijo 2013 (SFD 2013)<\/a>, mednarodnih nagrad\/nominacij za <a href=\"http:\/\/www.epractice.eu\/awards\" target=\"_blank\">Evropsko nagrado za e-upravo<\/a> in Evropsko nagrado za e-demokracijo v okviru <a href=\"http:\/\/wegf.org\/en\/\" target=\"_blank\">Svetovnega foruma za e-upravo<\/a>.<\/span><\/p>\n<div align=\"center\">\n<table style=\"width: 60%;\">\n<tbody>\n<tr>\n<td style=\"padding: 25px 25px 0px 25px; border: none;\"><a href=\"http:\/\/www.coe.int\/en\/web\/world-forum-democracy\/labs-2013\" target=\"_blank\"><img loading=\"lazy\" decoding=\"async\" class=\"aligncenter\" src=\"https:\/\/www.inepa.si\/e-participacija-evropa\/wp-content\/uploads\/2014\/10\/World-Democracy-Forum-2013.png\" alt=\"World-Democracy-Forum-2013\" width=\"227\" height=\"110\" \/><\/a><\/td>\n<td style=\"padding: 25px 25px 0px 25px; border: none;\"><a href=\"http:\/\/www.epractice.eu\/awards\"><img loading=\"lazy\" decoding=\"async\" class=\"aligncenter wp-image-1495 size-full\" src=\"https:\/\/www.inepa.si\/e-participacija-evropa\/wp-content\/uploads\/2014\/10\/eEurope-Awards.png\" alt=\"eEurope-Awards\" width=\"230\" height=\"48\" \/><\/a><\/td>\n<td style=\"padding: 25px 25px 0px 25px; border: none;\"><a href=\"http:\/\/wegf.org\/en\/\"><img loading=\"lazy\" decoding=\"async\" class=\"aligncenter wp-image-1492 size-full\" src=\"https:\/\/www.inepa.si\/e-participacija-evropa\/wp-content\/uploads\/2014\/10\/World-e-gov-forum.png\" alt=\"World-e-gov-forum\" width=\"106\" height=\"110\" \/><\/a><\/td>\n<\/tr>\n<\/tbody>\n<\/table>\n<\/div>\n<p>[yop_poll id=&#8221;5&#8243;]<br \/>\n&nbsp;<br \/>\n\n<table id=\"tablepress-4\" class=\"tablepress tablepress-id-4\">\n<thead>\n<tr class=\"row-1\">\n\t<th class=\"column-1\"><p style=\"text-align: center;\"><span style=\"color: #333333;\">Naslov<\/span><\/p><\/th><th class=\"column-2\"><p style=\"text-align: center;\"><span style=\"color: #333333;\">Oblika e-participacije<\/span><\/p><\/th><th class=\"column-3\"><p style=\"text-align: center;\"><span style=\"color: #333333;\">Spletno mesto<\/span><\/p><\/th><th class=\"column-4\"><p style=\"text-align: center;\"><span style=\"color: #333333;\">Opis v angle\u0161\u010dini<\/span><\/p><\/th><th class=\"column-5\"><p style=\"text-align: center;\"><span style=\"color: #333333;\">Kriterij izbora<\/span><\/p><\/th>\n<\/tr>\n<\/thead>\n<tbody class=\"row-striping row-hover\">\n<tr class=\"row-2\">\n\t<td class=\"column-1\"><strong><p style=\"text-align: center;\"><span style=\"color: #333333;\">Balkanleaks (Bulgarija)<\/span><\/p><\/strong><\/td><td class=\"column-2\"><p style=\"text-align: center;\"><span style=\"color: #333333;\">elektronski dostop do informacij<\/span><\/p><\/td><td class=\"column-3\"><p style=\"text-align: center;\"><a href=\"http:\/\/www.opennet.net\" target=\"_blank\">www.opennet.net<\/p><\/td><td class=\"column-4\"><p style=\"text-align: center;\"><a href=\"http:\/\/www.coe.int\/en\/web\/18147\/lab5_\" target=\"_blank\">www.coe.int<\/p><\/td><td class=\"column-5\"><p style=\"text-align: center;\"><span style=\"color: #333333;\">Dobra praksa po izboru javnosti na SFD 2013<\/span><\/p><\/td>\n<\/tr>\n<tr class=\"row-3\">\n\t<td class=\"column-1\"><strong><p style=\"text-align: center;\"><span style=\"color: #333333;\">Bolj\u0161i Reykjav\u00edk (Islandija)<\/span><\/p><\/strong><\/td><td class=\"column-2\"><p style=\"text-align: center;\"><span style=\"color: #333333;\">elektronski predlogi<\/span><\/p><\/td><td class=\"column-3\"><p style=\"text-align: center;\"><a href=\"https:\/\/betrireykjavik.is\/\" target=\"_blank\">www.betrireykjavik.is<\/p><\/td><td class=\"column-4\"><p style=\"text-align: center;\"><a href=\"http:\/\/www.citizens.is\/portfolio\/better-reykjavik-connects-citizens-and-administration-all-year-round\/\" target=\"_blank\">www.citizens.is<\/p><\/td><td class=\"column-5\"><p style=\"text-align: center;\"><span style=\"color: #333333;\">Evropska nagrada za e-demokracijo 2011 (Svetovni forum za e-upravo)<\/span><\/p><\/td>\n<\/tr>\n<tr class=\"row-4\">\n\t<td class=\"column-1\"><strong><p style=\"text-align: center;\"><span style=\"color: #333333;\">CitYsens (\u0160panija)<\/span><\/p><\/strong><\/td><td class=\"column-2\"><p style=\"text-align: center;\"><span style=\"color: #333333;\">elektronsko sodelovanje \/ sooblikovanje<\/span><\/p><\/td><td class=\"column-3\"><p style=\"text-align: center;\"><a href=\"http:\/\/www.kyopol.net\" target=\"_blank\">www.kyopol.net<\/p><\/td><td class=\"column-4\"><p style=\"text-align: center;\"><a href=\"http:\/\/www.coe.int\/en\/web\/18147\/lab15_\" target=\"_blank\">www.coe.int<\/p><\/td><td class=\"column-5\"><p style=\"text-align: center;\"><span style=\"color: #333333;\">Dobra praksa po izboru javnosti na SFD 2013<\/span><\/p><\/td>\n<\/tr>\n<tr class=\"row-5\">\n\t<td class=\"column-1\"><strong><p style=\"text-align: center;\"><span style=\"color: #333333;\">E-peticije (\u0160kotski parlament)<\/span><\/p><\/strong><\/td><td class=\"column-2\"><p style=\"text-align: center;\"><span style=\"color: #333333;\">elektronske peticije<\/span><\/p><\/td><td class=\"column-3\"><p style=\"text-align: center;\"><a href=\"http:\/\/www.scottish.parliament.uk\/gettinginvolved\/petitions\/index.aspx\" target=\"_blank\">www.scottish.parliament.uk<br \/>\n\/gettinginvolved\/petitions\/index.aspx<\/p><\/td><td class=\"column-4\"><p style=\"text-align: center;\"><a href=\"http:\/\/www.scottish.parliament.uk\/PublicInformationdocuments\/Petitioning-Eng-250712.pdf\" target=\"_blank\">www.scottish.<br \/>\nparliament.uk<\/p><\/td><td class=\"column-5\"><p style=\"text-align: center;\"><span style=\"color: #333333;\">Finalist izbora za Evropsko nagrado na podro\u010dju e-uprave 2005<\/span><\/p><\/td>\n<\/tr>\n<tr class=\"row-6\">\n\t<td class=\"column-1\"><strong><p style=\"text-align: center;\"><span style=\"color: #333333;\">E-volitve (Estonija)<\/span><\/p><\/strong><\/td><td class=\"column-2\"><p style=\"text-align: center;\"><span style=\"color: #333333;\">elektronske volitve prek interneta<\/span><\/p><\/td><td class=\"column-3\"><p style=\"text-align: center;\"><a href=\"http:\/\/www.vvk.ee\/voting-methods-in-estonia\/engindex\/\" target=\"_blank\">www.vvk.ee\/voting-methods-in-estonia\/<br \/>\nengindex<\/p><\/td><td class=\"column-4\"><p style=\"text-align: center;\"><a href=\"http:\/\/www.vvk.ee\/voting-methods-in-estonia\/engindex\/statistics\/\" target=\"_blank\">www.vvk.ee<\/p><\/td><td class=\"column-5\"><p style=\"text-align: center;\"><span style=\"color: #333333;\">Finalist izbora za Evropsko nagrado na podro\u010dju e-uprave 2007<\/span><\/p><\/td>\n<\/tr>\n<tr class=\"row-7\">\n\t<td class=\"column-1\"><strong><p style=\"text-align: center;\"><span style=\"color: #333333;\">EU Profiler (Evropski univerzitetni in\u0161titut)<\/span><\/p><\/strong><\/td><td class=\"column-2\"><p style=\"text-align: center;\"><span style=\"color: #333333;\">elektronska aplikacija za volilni nasvet<\/span><\/p><\/td><td class=\"column-3\"><p style=\"text-align: center;\"><a href=\"http:\/\/www.euprofiler.eu\/\" target=\"_blank\">www.euprofiler.eu<\/p><\/td><td class=\"column-4\"><p style=\"text-align: center;\"><a href=\"http:\/\/www.eui.eu\/Projects\/EUDO\/Research\/EUProfiler.aspx\" target=\"_blank\">www.eui.eu<\/p><\/td><td class=\"column-5\"><p style=\"text-align: center;\"><span style=\"color: #333333;\">Nagrada za e-demokracijo 2009 (Svetovni forum za e-upravo)<\/span><\/p><\/td>\n<\/tr>\n<tr class=\"row-8\">\n\t<td class=\"column-1\"><strong><p style=\"text-align: center;\"><span style=\"color: #333333;\">Javne pobude (Ruska federacija)<\/span><\/p><\/strong><\/td><td class=\"column-2\"><p style=\"text-align: center;\"><span style=\"color: #333333;\">elektronski predlogi<\/span><\/p><\/td><td class=\"column-3\"><p style=\"text-align: center;\"><a href=\"http:\/\/www.roi.ru\" target=\"_blank\">www.roi.ru<\/p><\/td><td class=\"column-4\"><p style=\"text-align: center;\"><a href=\"http:\/\/www.coe.int\/en\/web\/18147\/lab2_\" target=\"_blank\">www.coe.int<\/p><\/td><td class=\"column-5\"><p style=\"text-align: center;\"><span style=\"color: #333333;\">Dobra praksa po izboru javnosti na SFD 2013<\/span><\/p><\/td>\n<\/tr>\n<tr class=\"row-9\">\n\t<td class=\"column-1\"><strong><p style=\"text-align: center;\"><span style=\"color: #333333;\">Liga mladih volivcev (Evropska unija)<\/span><\/p><\/strong><\/td><td class=\"column-2\"><p style=\"text-align: center;\"><span style=\"color: #333333;\">elektronski dostop do informacij \/ elektronske razprave<\/span><\/p><\/td><td class=\"column-3\"><p style=\"text-align: center;\"><a href=\"http:\/\/www.youngvoters.eu\/eu\" target=\"_blank\">www.youngvoters.eu<\/p><\/td><td class=\"column-4\"><p style=\"text-align: center;\"><a href=\"http:\/\/www.coe.int\/en\/web\/18147\/lab21_\" target=\"_blank\">www.coe.int<\/p><\/td><td class=\"column-5\"><p style=\"text-align: center;\"><span style=\"color: #333333;\">Dobra praksa po izboru javnosti na SFD 2013<\/span><\/p><\/td>\n<\/tr>\n<tr class=\"row-10\">\n\t<td class=\"column-1\"><strong><p style=\"text-align: center;\"><span style=\"color: #333333;\">Neposredna demokracija (\u017deneva, \u0160vica)<\/span><\/p><\/strong><\/td><td class=\"column-2\"><p style=\"text-align: center;\"><span style=\"color: #333333;\">elektronski referendumi prek interneta<\/span><\/p><\/td><td class=\"column-3\"><p style=\"text-align: center;\"><a href=\"http:\/\/www.ge.ch\/evoting\/english\/welcome.asp\" target=\"_blank\">www.ge.ch\/evoting\/<br \/>\nenglish\/welcome.asp<\/p><\/td><td class=\"column-4\"><p style=\"text-align: center;\"><a href=\"http:\/\/www.coe.int\/en\/web\/18147\/lab11_\" target=\"_blank\">www.coe.int<\/p><\/td><td class=\"column-5\"><p style=\"text-align: center;\"><span style=\"color: #333333;\">Priznanje evropska dobra praksa po izboru konzorcija za Evropsko nagrado na podro\u010dju e-uprave<\/span><\/p><\/td>\n<\/tr>\n<tr class=\"row-11\">\n\t<td class=\"column-1\"><strong><p style=\"text-align: center;\"><span style=\"color: #333333;\">Ob\u010dina Amadora (Portugalska)<\/span><\/p><\/strong><\/td><td class=\"column-2\"><p style=\"text-align: center;\"><span style=\"color: #333333;\">elektronski participativni prora\u010dun<\/span><\/p><\/td><td class=\"column-3\"><p style=\"text-align: center;\"><a href=\"http:\/\/op.cm-amadora.pt\/PageGen.aspx\" target=\"_blank\">www.op.cm-amadora.pt<\/p><\/td><td class=\"column-4\"><p style=\"text-align: center;\"><a href=\"http:\/\/www.cm-amadora.pt\/noticias-municipio\/1205-amadora-lanca-5-edicao-do-orcamento-participativo\" target=\"_blank\">www.cm-amadora.pt<\/p><\/td><td class=\"column-5\"><p style=\"text-align: center;\"><span style=\"color: #333333;\">Dobra praksa po izboru javnosti na SFD 2013<\/span><\/p><\/td>\n<\/tr>\n<tr class=\"row-12\">\n\t<td class=\"column-1\"><strong><p style=\"text-align: center;\"><span style=\"color: #333333;\">Oblikovanje politik 3.0 (Evropska komisija)<\/span><\/p><\/strong><\/td><td class=\"column-2\"><p style=\"text-align: center;\"><span style=\"color: #333333;\">elektronsko sodelovanje \/ sooblikovanje<\/span><\/p><\/td><td class=\"column-3\"><p style=\"text-align: center;\"><a href=\"http:\/\/ec.europa.eu\/digital-agenda\/futurium\/\" target=\"_blank\">www.ec.europa.eu\/digital-agenda\/futurium<\/p><\/td><td class=\"column-4\"><p style=\"text-align: center;\"><a href=\"http:\/\/ec.europa.eu\/digital-agenda\/en\/policy-making-30-0\" target=\"_blank\">www.ec.europa.eu<\/p><\/td><td class=\"column-5\"><p style=\"text-align: center;\"><span style=\"color: #333333;\">Dobra praksa po izboru javnosti na SFD 2013<\/span><\/p><\/td>\n<\/tr>\n<tr class=\"row-13\">\n\t<td class=\"column-1\"><strong><p style=\"text-align: center;\"><span style=\"color: #333333;\">Odprto ministrstvo (Finska)<\/span><\/p><\/strong><\/td><td class=\"column-2\"><p style=\"text-align: center;\"><span style=\"color: #333333;\">elektronsko sodelovanje \/ sooblikovanje<\/span><\/p><\/td><td class=\"column-3\"><p style=\"text-align: center;\"><a href=\"http:\/\/www.avoinministerio.fi\/\" target=\"_blank\">www.avoinministerio.fi<\/p><\/td><td class=\"column-4\"><p style=\"text-align: center;\"><a href=\"http:\/\/www.coe.int\/en\/web\/18147\/lab6_\" target=\"_blank\">www.coe.int<\/p><\/td><td class=\"column-5\"><p style=\"text-align: center;\"><span style=\"color: #333333;\">Dobra praksa po izboru javnosti na SFD 2013<\/span><\/p><\/td>\n<\/tr>\n<tr class=\"row-14\">\n\t<td class=\"column-1\"><strong><p style=\"text-align: center;\"><span style=\"color: #333333;\">Parlament in dr\u017eavljani (Francija)<\/span><\/p><\/strong><\/td><td class=\"column-2\"><p style=\"text-align: center;\"><span style=\"color: #333333;\">elektronsko sodelovanje \/ sooblikovanje<\/span><\/p><\/td><td class=\"column-3\"><p style=\"text-align: center;\"><a href=\"https:\/\/www.parlement-et-citoyens.fr\/\" target=\"_blank\">www.parlement-et-citoyens.fr<\/p><\/td><td class=\"column-4\"><p style=\"text-align: center;\"><a href=\"http:\/\/www.coe.int\/en\/web\/18147\/lab7_\" target=\"_blank\">www.coe.int<\/p><\/td><td class=\"column-5\"><p style=\"text-align: center;\"><span style=\"color: #333333;\">Dobra praksa po izboru javnosti na SFD 2013<\/span><\/p><\/td>\n<\/tr>\n<tr class=\"row-15\">\n\t<td class=\"column-1\"><strong><p style=\"text-align: center;\"><span style=\"color: #333333;\">Preto\u010dna demokracija (Nem\u010dija)<\/span><\/p><\/strong><\/td><td class=\"column-2\"><p style=\"text-align: center;\"><span style=\"color: #333333;\">elektronsko odlo\u010danje (razprave in glasovanje)<\/span><\/p><\/td><td class=\"column-3\"><p style=\"text-align: center;\"><a href=\"http:\/\/www.piratenpartei.de\/\" target=\"_blank\">www.piratenpartei.de<\/p><\/td><td class=\"column-4\"><p style=\"text-align: center;\"><a href=\"http:\/\/www.coe.int\/en\/web\/18147\/lab1_\" target=\"_blank\">www.coe.int<\/p><\/td><td class=\"column-5\"><p style=\"text-align: center;\"><span style=\"color: #333333;\">Dobra praksa po izboru javnosti na SFD 2013<\/span><\/p><\/td>\n<\/tr>\n<tr class=\"row-16\">\n\t<td class=\"column-1\"><strong><p style=\"text-align: center;\"><span style=\"color: #333333;\">Projekt Natalia (\u0160vedska)<\/span><\/p><\/strong><\/td><td class=\"column-2\"><p style=\"text-align: center;\"><span style=\"color: #333333;\">elektronski aktivizem (spletna dru\u017ebena omre\u017eja)<\/span><\/p><\/td><td class=\"column-3\"><p style=\"text-align: center;\"><a href=\"http:\/\/natalia.civilrightsdefenders.org\/\" target=\"_blank\">www.natalia.civilrights<br \/>\ndefenders.org<\/p><\/td><td class=\"column-4\"><p style=\"text-align: center;\"><a href=\"http:\/\/www.coe.int\/en\/web\/18147\/lab4_\" target=\"_blank\">www.coe.int<\/p><\/td><td class=\"column-5\"><p style=\"text-align: center;\"><span style=\"color: #333333;\">Dobra praksa po izboru javnosti na SFD 2013<\/span><\/p><\/td>\n<\/tr>\n<\/tbody>\n<\/table>\n<!-- #tablepress-4 from cache --><br \/>\n&nbsp;<\/p>\n<p style=\"text-align: justify;\"><strong><span style=\"color: #333333;\">Ostale dobre prakse \/ koncepti e-participacije v Evropi:<\/span><\/strong><\/p>\n<p style=\"text-align: justify;\"><span style=\"color: #333333;\">&#8211; <a href=\"https:\/\/www.fixmystreet.com\/\" target=\"_blank\">FixMyStreet<\/a> za elektronsko poro\u010danje in razpravljanje o zadevah lokalnega pomena;<\/span><\/p>\n<p style=\"text-align: justify;\"><span style=\"color: #333333;\">&#8211; <a href=\"http:\/\/eparticipation.eu\/cases\/\" target=\"_blank\">pregled primerov e-participacije<\/a>, ki lahko slu\u017eijo kot modeli za dr\u017eavljane in lokalne skupnosti pri uporabi razli\u010dnih orodij e-demokracije za udele\u017ebo (<a href=\"http:\/\/eparticipation.eu\/\" target=\"_blank\">projekt eCitizen II<\/a> \u2013 Towards citizen-centered eGovernment in European cities and regions);<\/span><\/p>\n<p style=\"text-align: justify;\"><span style=\"color: #333333;\">&#8211; <a href=\"http:\/\/youtu.be\/Vb5dbf53GjU?list=PL8L-N-sr4XdlspjHJvqITjneFu1Pjusr0\" target=\"_blank\">Kratke video predstavitve<\/a> uspe\u0161nih primerov \/ konceptov e-participacije<\/strong> (Video konferenca &#8220;10 let e-participacije v Evropski uniji&#8221;).<\/span><\/p>\n<p>&nbsp;<\/p>\n<p style=\"text-align: justify;\"><em><span style=\"color: #333333;\">mag. Simon Delakorda<br \/>\n<a href=\"http:\/\/www.inepa.si\" target=\"_blank\">In\u0161titut za elektronsko participacijo (INePA)<\/a><\/span><\/em><\/p>\n<p style=\"text-align: justify;\"><em><span style=\"color: #333333;\">Pregled dobrih praks je narejen v okviru projekta Z e-participacijo do vklju\u010dujo\u010de Evrope, ki je sofinanciran s strani Urada Vlade RS za komuniciranje <a href=\"www.evropa.gov.si\" target=\"_blank\">www.evropa.gov.si<\/a> in ne predstavlja uradnih stali\u0161\u010d Vlade Republike Slovenije.<\/span><\/em><\/p>\n<p>&nbsp;<\/p>\n","protected":false},"excerpt":{"rendered":"<p>Vabljeni k ogledu pregleda petnajstih evropskih dobrih praks \/ konceptov e-participacije na podro\u010dju uporabe interneta za demokrati\u010dno udele\u017ebo in uveljavljanja dr\u017eavljanske volje. Primeri so izbranih na podlagi javnega glasovanja na Svetovnem forumu za demokracijo 2013 (SFD 2013), mednarodnih nagrad\/nominacij za<\/p>\n","protected":false},"author":2,"featured_media":0,"parent":0,"menu_order":0,"comment_status":"open","ping_status":"closed","template":"","meta":{"footnotes":""},"class_list":["post-1346","page","type-page","status-publish","hentry"],"_links":{"self":[{"href":"https:\/\/www.inepa.si\/e-participacija-evropa\/wp-json\/wp\/v2\/pages\/1346","targetHints":{"allow":["GET"]}}],"collection":[{"href":"https:\/\/www.inepa.si\/e-participacija-evropa\/wp-json\/wp\/v2\/pages"}],"about":[{"href":"https:\/\/www.inepa.si\/e-participacija-evropa\/wp-json\/wp\/v2\/types\/page"}],"author":[{"embeddable":true,"href":"https:\/\/www.inepa.si\/e-participacija-evropa\/wp-json\/wp\/v2\/users\/2"}],"replies":[{"embeddable":true,"href":"https:\/\/www.inepa.si\/e-participacija-evropa\/wp-json\/wp\/v2\/comments?post=1346"}],"version-history":[{"count":99,"href":"https:\/\/www.inepa.si\/e-participacija-evropa\/wp-json\/wp\/v2\/pages\/1346\/revisions"}],"predecessor-version":[{"id":1527,"href":"https:\/\/www.inepa.si\/e-participacija-evropa\/wp-json\/wp\/v2\/pages\/1346\/revisions\/1527"}],"wp:attachment":[{"href":"https:\/\/www.inepa.si\/e-participacija-evropa\/wp-json\/wp\/v2\/media?parent=1346"}],"curies":[{"name":"wp","href":"https:\/\/api.w.org\/{rel}","templated":true}]}}