{"id":1167,"date":"2014-10-13T13:58:15","date_gmt":"2014-10-13T11:58:15","guid":{"rendered":"http:\/\/www.inepa.si\/e-participacija-evropa\/?page_id=1167"},"modified":"2017-08-21T08:34:57","modified_gmt":"2017-08-21T06:34:57","slug":"rezultati","status":"publish","type":"page","link":"https:\/\/www.inepa.si\/e-participacija-evropa\/rezultati\/","title":{"rendered":"Rezultati"},"content":{"rendered":"<p style=\"text-align: justify;\"><span style=\"color: #333333;\">Rezultati projekta &#8220;Z e-participacijo do vklju\u010dujo\u010de Evrope&#8221;, ki je potekal od 1. aprila 2014 do 31. oktobra 2014. Ve\u010d informacij o projektu je dostopnih na spletni povezavi <a href=\"https:\/\/www.inepa.si\/e-participacija-evropa\/projekt\/\" target=\"_blank\" rel=\"noopener\">https:\/\/www.inepa.si\/e-participacija-evropa\/projekt\/<\/a>.<\/span><\/p>\n<p><a href=\"#I. Vsebinsko poro\u010dilo video konference 10 let e-participacije v Evropski uniji\">I. Vsebinsko poro\u010dilo video konference &#8220;10 let e-participacije v Evropski uniji&#8221;<\/a><br \/>\n<a href=\"#II. Kon\u010dno poro\u010dilo projekta Z e-participacijo do vklju\u010dujo\u010de Evrope\">II. Kon\u010dno poro\u010dilo projekta &#8220;Z e-participacijo do vklju\u010dujo\u010de Evrope&#8221;<\/a><br \/>\n<a href=\"#III. Primeri dobrih praks\">III. Primeri dobrih praks<\/a><br \/>\n<a href=\"#IV. Vsebinske analize\">IV. Vsebinske analize<\/a><br \/>\n<a href=\"#V. Intervjuji\">V. Intervjuji<\/a><br \/>\n<a href=\"#VI. Tematske ankete\">VI. Tematske ankete<\/a><br \/>\n<a href=\"#VII. Video prispevki\">VII. Video prispevki<\/a><br \/>\n<a href=\"#VIII. Dru\u017ebena omre\u017eja projekta \/ spletna skupnost\">VIII. Dru\u017ebena omre\u017eja projekta \/ spletna skupnost<\/a><br \/>\n<a href=\"#IX. Objave v medijih\">IX. Objave v medijih<\/a><br \/>\n<a href=\"#X. Ostalo\">X. Ostalo<\/a><\/p>\n<h5><span style=\"color: #333333;\"><strong><a name=\"I. Vsebinsko poro\u010dilo video konference 10 let e-participacije v Evropski uniji\"><\/a>I. Vsebinsko poro\u010dilo video konference &#8220;10 let e-participacije v Evropski uniji&#8221;<\/strong><\/span><\/h5>\n<p style=\"text-align: justify;\"><span style=\"color: #333333;\">Video konferenco &#8220;10 let e-participacije v Evropski uniji&#8221; je prek spleta spremljalo 100 gledalcev iz Slovenije in tujine. Tekom konference je spletna skupnost na dru\u017ebenih omre\u017ejih Twitter in Facebook ustvarila 223 interakcij v povezavi z njeno vsebino. Ve\u010d informacij o dogodku je dostopnih na povezavi <a href=\"https:\/\/www.inepa.si\/e-participacija-evropa\/video-konferenca\/\" target=\"_blank\" rel=\"noopener\">https:\/\/www.inepa.si\/e-participacija-evropa\/video-konferenca\/<\/a>. Vsebinsko poro\u010dilo video konference je dostopno na sporo\u010dilu za javnost z naslovom <a href=\"https:\/\/www.inepa.si\/e-participacija-evropa\/2014\/10\/napak-v-delovanju-demokracije-ne-bomo-odpravili-zgolj-z-internetom\/\" target=\"_blank\" rel=\"noopener\">Napak v delovanju demokracije ne bomo odpravili zgolj z internetom<\/a>.<\/span><\/p>\n<p>&nbsp;<\/p>\n<h5><span style=\"color: #333333;\"><strong><a name=\"II. Kon\u010dno poro\u010dilo projekta Z e-participacijo do vklju\u010dujo\u010de Evrope\"><\/a>II. Kon\u010dno poro\u010dilo projekta &#8220;Z e-participacijo do vklju\u010dujo\u010de Evrope&#8221;<\/strong><\/span><\/h5>\n<p style=\"text-align: justify;\"><span style=\"color: #333333;\"><a href=\"http:\/\/www.inepa.si\/images\/stories\/Koncno_porocilo-ePart-EU_splet.pdf\" target=\"_blank\" rel=\"noopener\">Kon\u010dno poro\u010dilo projekta<\/a> (pdf).<\/span><\/p>\n<p>&nbsp;<\/p>\n<h5><span style=\"color: #333333;\"><strong><a name=\"III. Primeri dobrih praks\"><\/a>III. Primeri dobrih praks<\/strong><\/span><\/h5>\n<p style=\"text-align: justify;\"><span style=\"color: #333333;\">Pregled primerov dobrih praks uporabe interneta za uveljavljanje dr\u017eavljanske volje v Evropski uniji je dostopen na spletni povezavi <a href=\"https:\/\/www.inepa.si\/e-participacija-evropa\/dobre-prakse\/\" target=\"_blank\" rel=\"noopener\">https:\/\/www.inepa.si\/e-participacija-evropa\/dobre-prakse\/<\/a>.<\/span><\/p>\n<p>&nbsp;<\/p>\n<h5><span style=\"color: #333333;\"><strong><a name=\"IV. Vsebinske analize\"><\/a>IV. Vsebinske analize<\/strong><\/span><\/h5>\n<p style=\"text-align: justify;\"><span style=\"color: #333333;\">Vsebinske analize razli\u010dnih vidikov in orodij elektronske participacije so dostopne na spletni povezavi <a href=\"https:\/\/www.inepa.si\/e-participacija-evropa\/category\/analize\/\" target=\"_blank\" rel=\"noopener\">https:\/\/www.inepa.si\/e-participacija-evropa\/category\/analize\/<\/a>. Naslovi vsebinskih analiz:<\/span><\/p>\n<p style=\"text-align: justify;\">&#8211; <a href=\"https:\/\/www.inepa.si\/e-participacija-evropa\/2014\/09\/socialna-varnosti-mladih-je-pogoj-za-demokraticno-udelezbo-prek-interneta\/\" target=\"_blank\" rel=\"noopener\">Socialna varnosti mladih je pogoj za demokrati\u010dno udele\u017ebo prek interneta<\/a><\/p>\n<p style=\"text-align: justify;\">&#8211; <a href=\"https:\/\/www.inepa.si\/e-participacija-evropa\/2014\/08\/evropska-drzavljanska-pobuda\/\" target=\"_blank\" rel=\"noopener\">Podpisovanje evropske dr\u017eavljanske pobude prek spleta<\/a><\/p>\n<p style=\"text-align: justify;\">&#8211; <a href=\"https:\/\/www.inepa.si\/e-participacija-evropa\/2014\/07\/e-volitve-slovenija\/\" target=\"_blank\" rel=\"noopener\">Elektronske volitve v Sloveniji<\/a><\/p>\n<p style=\"text-align: justify;\">&#8211; <a href=\"https:\/\/www.inepa.si\/e-participacija-evropa\/2014\/05\/evropske-volitve-na-svetovnem-spletu\/\" target=\"_blank\" rel=\"noopener\">Evropske volitve na svetovnem spletu<\/a><\/p>\n<p>&nbsp;<\/p>\n<h5><span style=\"color: #333333;\"><strong><a name=\"V. Intervjuji\"><\/a>V. Intervjuji<\/strong><\/span><\/h5>\n<p style=\"text-align: justify;\"><span style=\"color: #333333;\">Intervjuji s strokovnjaki, aktivisti in dr\u017eavljani o razli\u010dnih vidikih elektronske participacije v Sloveniji in EU so dostopni na povezavi <a href=\"https:\/\/www.inepa.si\/e-participacija-evropa\/category\/intervjuji\/\" target=\"_blank\" rel=\"noopener\">https:\/\/www.inepa.si\/e-participacija-evropa\/category\/intervjuji\/<\/a>. Naslovi intervjujev:<\/span><\/p>\n<p style=\"text-align: justify;\">&#8211; <a href=\"https:\/\/www.inepa.si\/e-participacija-evropa\/2014\/10\/najvecja-tezava-je-predstava-o-nemoci\/\" target=\"_blank\" rel=\"noopener\">Grega Jug: &#8220;Najve\u010dja te\u017eava je predstava o nemo\u010di&#8221;<\/a><\/p>\n<p style=\"text-align: justify;\">&#8211; <a href=\"https:\/\/www.inepa.si\/e-participacija-evropa\/2014\/09\/od-tehnologij-pricakujemo-nemogoce\/\" target=\"_blank\" rel=\"noopener\">dr. Polona Pi\u010dman \u0160tefan\u010di\u010d: &#8220;Od tehnologij pri\u010dakujemo nemogo\u010de&#8221;<\/a><\/p>\n<p style=\"text-align: justify;\">&#8211; <a href=\"https:\/\/www.inepa.si\/e-participacija-evropa\/2014\/09\/apatija-glede-zadev-javnega-pomena-je-v-interesu-tistih-ki-hocejo-da-stvari-ostanejo-kakrsne-so\/\" target=\"_blank\" rel=\"noopener\">dr. Jernej A. Prodnik: &#8220;Apatija glede zadev javnega pomena je v interesu tistih, ki ho\u010dejo, da stvari ostanejo, kakr\u0161ne so&#8221;<\/a><\/p>\n<p style=\"text-align: justify;\">&#8211; <a href=\"https:\/\/www.inepa.si\/e-participacija-evropa\/2014\/08\/internet-preslikava-pomanjkanje-dialoga-v-druzbi\/\" target=\"_blank\" rel=\"noopener\">Kaja Cunk: &#8220;Internet preslikava pomanjkanje dialoga v dru\u017ebi&#8221;<\/a><\/p>\n<p style=\"text-align: justify;\">&#8211; <a href=\"https:\/\/www.inepa.si\/e-participacija-evropa\/2014\/07\/clovek-obupa-ce-govori-steni\/\" target=\"_blank\" rel=\"noopener\">Tamara Pevec: &#8220;\u010clovek obupa, \u010de govori steni&#8221;<\/a><\/p>\n<p style=\"text-align: justify;\">&#8211; <a href=\"https:\/\/www.inepa.si\/e-participacija-evropa\/2014\/06\/virtualni-prostor-je-relativno-zaprt-in-nima-nobenega-vpliva-na-realne-politicne-procese\/\" target=\"_blank\" rel=\"noopener\">dr. Andrej A. Luk\u0161i\u010d: &#8220;Virtualni prostor je relativno zaprt in nima vpliva na realne politi\u010dne procese&#8221;<\/a><\/p>\n<p>&nbsp;<\/p>\n<h5><span style=\"color: #333333;\"><strong><a name=\"VI. Tematske ankete\"><\/a>VI. Tematske ankete<\/strong><\/span><\/h5>\n<p style=\"text-align: justify;\"><span style=\"color: #333333;\">Rezultati tematskih anket o razli\u010dnih vidikih in orodjih elektronske participacije v Sloveniji in EU so dostopni na povezavi <a href=\"https:\/\/www.inepa.si\/e-participacija-evropa\/arhiv-anket\" target=\"_blank\" rel=\"noopener\">https:\/\/www.inepa.si\/e-participacija-evropa\/arhiv-anket<\/a>. Skupaj je v spletnih anketah sodelovalo 116 uporabnikov interneta. Anketna vpra\u0161anja in rezultati posameznih anket so dostopni na naslednjih povezavah:<\/span><\/p>\n<p style=\"text-align: justify;\">&#8211; <a href=\"https:\/\/www.inepa.si\/e-participacija-evropa\/dobre-prakse\/\" target=\"_blank\" rel=\"noopener\">Demokrati\u010dni u\u010dinki udele\u017ebe prek spletnih orodij so odvisni predvsem od?<\/a><\/p>\n<p style=\"text-align: justify;\">&#8211; <a href=\"https:\/\/www.inepa.si\/e-participacija-evropa\/2014\/08\/evropska-drzavljanska-pobuda\/\" target=\"_blank\" rel=\"noopener\">Ali ste prek interneta \u017ee podpisali katero izmed evropskih dr\u017eavljanskih pobud?<\/a><\/p>\n<p style=\"text-align: justify;\">&#8211; <a href=\"https:\/\/www.inepa.si\/e-participacija-evropa\/2014\/07\/e-volitve-slovenija\/\" target=\"_blank\" rel=\"noopener\">Ali bi oddaja glasu prek interneta pomenila koristno dopolnilo obstoje\u010dim volitvam?<\/a><\/p>\n<p>&nbsp;<\/p>\n<h5><span style=\"color: #333333;\"><strong><a name=\"VII. Video prispevki\"><\/a>VII. Video prispevki<\/strong><\/span><\/h5>\n<p style=\"text-align: justify;\"><span style=\"color: #333333;\">Pregled video posnetkov panelnih razprav in pogovorov s strokovnjaki na konferenci &#8220;10 let e-participacije v Evropski uniji&#8221; je dostopen na povezavi <a href=\"https:\/\/www.inepa.si\/e-participacija-evropa\/video-konferenca\/#2.-Video-posnetki-po-programu\" target=\"_blank\" rel=\"noopener\">https:\/\/www.inepa.si\/e-participacija-evropa\/video-konferenca\/#2.-Video-posnetki-po-programu<\/a>. Naslovi video posnetkov:<\/span><\/p>\n<p style=\"text-align: justify;\"><span style=\"color: #333333;\">&#8211; Predstavitev projekta <a href=\"http:\/\/youtu.be\/Q-eDlpYa85g?list=PL8L-N-sr4XdlspjHJvqITjneFu1Pjusr0\" target=\"_blank\" rel=\"noopener\">&#8220;Z e-participacijo do vklju\u010dujo\u010de Evrope&#8221;<\/a> in ciljev video konference<\/span><\/p>\n<p style=\"text-align: justify;\"><span style=\"color: #333333;\">&#8211; Izhodi\u0161\u010dni diskusijski prispevek <a href=\"http:\/\/youtu.be\/TO2wIt2rCt8?list=PL8L-N-sr4XdlspjHJvqITjneFu1Pjusr0\" target=\"_blank\" rel=\"noopener\">&#8220;Izzivi elektronske participacije v EU&#8221;<\/a><\/span><\/p>\n<p style=\"text-align: justify;\"><span style=\"color: #333333;\">&#8211; 1. Razpravni panel <a href=\"http:\/\/youtu.be\/BA-BIidyq58?list=PL8L-N-sr4XdlspjHJvqITjneFu1Pjusr0\" target=\"_blank\" rel=\"noopener\">&#8220;Vizije, iluzije in uporaba interneta za uveljavljanje volje dr\u017eavljanov Sloveniji in Evropski uniji&#8221;<\/a><\/span><\/p>\n<p style=\"text-align: justify;\"><span style=\"color: #333333;\">&#8211; Kratke video predstavitve <a href=\"http:\/\/youtu.be\/Vb5dbf53GjU?list=PL8L-N-sr4XdlspjHJvqITjneFu1Pjusr0\" target=\"_blank\" rel=\"noopener\">uspe\u0161nih primerov e-participacije<\/a><\/span><\/p>\n<p style=\"text-align: justify;\"><span style=\"color: #333333;\">&#8211; Izhodi\u0161\u010dni diskusijski prispevek <a href=\"http:\/\/youtu.be\/dYDdsXCNtto?list=PL8L-N-sr4XdlspjHJvqITjneFu1Pjusr0\" target=\"_blank\" rel=\"noopener\">&#8220;Uveljavljanje dr\u017eavljanske volje s pomo\u010djo Facebook-a&#8221;<\/a><\/span><\/p>\n<p style=\"text-align: justify;\"><span style=\"color: #333333;\">&#8211; 2. Razpravni panel <a href=\"http:\/\/youtu.be\/bFPqOF9s3Uo?list=PL8L-N-sr4XdlspjHJvqITjneFu1Pjusr0\" target=\"_blank\" rel=\"noopener\">&#8220;Digitalna participacija mladih&#8221;<\/a><\/span><\/p>\n<p style=\"text-align: justify;\"><span style=\"color: #333333;\">&#8211; Povzetek video konference <a href=\"http:\/\/youtu.be\/aGBCZAxOpQ8?list=PL8L-N-sr4XdlspjHJvqITjneFu1Pjusr0\" target=\"_blank\" rel=\"noopener\">&#8220;10 let e-participacije v Evropski uniji&#8221;<\/a><\/span><\/p>\n<p>&nbsp;<\/p>\n<h5><span style=\"color: #333333;\"><strong><a name=\"VIII. Dru\u017ebena omre\u017eja projekta \/ spletna skupnost\"><\/a>VIII. Dru\u017ebena omre\u017eja projekta \/ spletna skupnost<\/strong><\/span><\/h5>\n<p style=\"text-align: justify;\"><span style=\"color: #333333;\">&#8211; <a href=\"https:\/\/twitter.com\/Razprave_EU\" target=\"_blank\" rel=\"noopener\">Twitter profil<\/a> in klju\u010dna beseda <a href=\"https:\/\/twitter.com\/search?q=%23ePart2014&amp;src=typd\" target=\"_blank\" rel=\"noopener\">#ePart2014<\/a><\/span><\/p>\n<p style=\"text-align: justify;\">&#8211; <a href=\"https:\/\/www.facebook.com\/evropske.razprave\" target=\"_blank\" rel=\"noopener\">Facebook profil<\/a><\/p>\n<p style=\"text-align: justify;\">&#8211; <a href=\"https:\/\/www.inepa.si\/e-participacija-evropa\/druzbena-omrezja\/\" target=\"_blank\" rel=\"noopener\">Spletna skupnost LiveNetLife<\/a><\/p>\n<p>&nbsp;<\/p>\n<h5><span style=\"color: #333333;\"><strong><a name=\"IX. Objave v medijih\"><\/a>IX. Objave v medijih<\/strong><\/span><\/h5>\n<p style=\"text-align: justify;\"><span style=\"color: #333333;\"> &#8211; <a href=\"http:\/\/nov.vecer.com\/clanek\/201410286069513\" target=\"_blank\" rel=\"noopener\">Brez aktivnih ljudi je internet v demokraciji neuporaben<\/a>. <em>Ve\u010der.com<\/em>, 28. september 2014<\/span><\/p>\n<p style=\"text-align: justify;\"><span style=\"color: #333333;\"> &#8211; <a href=\"http:\/\/www.mojmikro.si\/news\/napak_v_delovanju_demokracije_ne_bomo_odpravili_zgolj_z_internetom\" target=\"_blank\" rel=\"noopener\">Napak v delovanju demokracije ne bomo odpravili zgolj z internetom<\/a>. <em>Moj Mikro<\/em>, 27. september 2014<\/span><\/p>\n<p style=\"text-align: justify;\"><span style=\"color: #333333;\"> &#8211; <a href=\"https:\/\/krog.sta.si\/2053382\" target=\"_blank\" rel=\"noopener\">Na videokonferenci za \u010dim \u0161ir\u0161i dostop do sodobnih tehnologij in politi\u010dnih znanj<\/a>. <em>Slovenska tiskovna agencija<\/em> (STA), 23. september 2014<\/span><\/p>\n<p style=\"text-align: justify;\"><span style=\"color: #333333;\"> &#8211; <a href=\"http:\/\/www.radiotriglav.si\/?p=14523\" target=\"_blank\" rel=\"noopener\">Doma v EU &#8211; Elektronska participacija<\/a>. <em>Radio Triglav (od 07:50 dalje)<\/em>, 25. julij 2014<\/span><\/p>\n<p>&nbsp;<\/p>\n<h5><span style=\"color: #333333;\"><strong><a name=\"X. Ostalo\"><\/a>X. Ostalo<\/strong><\/span><\/h5>\n<p style=\"text-align: justify;\"><span style=\"color: #333333;\">Ostale objavljene vsebine, ki so povezane s projektom (vabila in obvestila) so dostopne na povezavi <a href=\"https:\/\/www.inepa.si\/e-participacija-evropa\/category\/ostalo\/\" target=\"_blank\" rel=\"noopener\">https:\/\/www.inepa.si\/e-participacija-evropa\/category\/ostalo\/<\/a>.<\/span><\/p>\n<p>&nbsp;<\/p>\n<p style=\"text-align: justify;\"><em><span style=\"color: #333333;\">Projekt Z e-participacijo do vklju\u010dujo\u010de Evrope je sofinanciran s strani Urada Vlade RS za komuniciranje <a href=\"www.evropa.gov.si\" target=\"_blank\" rel=\"noopener\">www.evropa.gov.si<\/a> in ne predstavlja uradnih stali\u0161\u010d Vlade Republike Slovenije.<\/span><\/em><\/p>\n<p>&nbsp;<\/p>\n","protected":false},"excerpt":{"rendered":"<p>Rezultati projekta &#8220;Z e-participacijo do vklju\u010dujo\u010de Evrope&#8221;, ki je potekal od 1. aprila 2014 do 31. oktobra 2014. Ve\u010d informacij o projektu je dostopnih na spletni povezavi https:\/\/www.inepa.si\/e-participacija-evropa\/projekt\/. I. Vsebinsko poro\u010dilo video konference &#8220;10 let e-participacije v Evropski uniji&#8221; II.<\/p>\n","protected":false},"author":2,"featured_media":0,"parent":0,"menu_order":0,"comment_status":"open","ping_status":"closed","template":"","meta":{"footnotes":""},"class_list":["post-1167","page","type-page","status-publish","hentry"],"_links":{"self":[{"href":"https:\/\/www.inepa.si\/e-participacija-evropa\/wp-json\/wp\/v2\/pages\/1167","targetHints":{"allow":["GET"]}}],"collection":[{"href":"https:\/\/www.inepa.si\/e-participacija-evropa\/wp-json\/wp\/v2\/pages"}],"about":[{"href":"https:\/\/www.inepa.si\/e-participacija-evropa\/wp-json\/wp\/v2\/types\/page"}],"author":[{"embeddable":true,"href":"https:\/\/www.inepa.si\/e-participacija-evropa\/wp-json\/wp\/v2\/users\/2"}],"replies":[{"embeddable":true,"href":"https:\/\/www.inepa.si\/e-participacija-evropa\/wp-json\/wp\/v2\/comments?post=1167"}],"version-history":[{"count":66,"href":"https:\/\/www.inepa.si\/e-participacija-evropa\/wp-json\/wp\/v2\/pages\/1167\/revisions"}],"predecessor-version":[{"id":1824,"href":"https:\/\/www.inepa.si\/e-participacija-evropa\/wp-json\/wp\/v2\/pages\/1167\/revisions\/1824"}],"wp:attachment":[{"href":"https:\/\/www.inepa.si\/e-participacija-evropa\/wp-json\/wp\/v2\/media?parent=1167"}],"curies":[{"name":"wp","href":"https:\/\/api.w.org\/{rel}","templated":true}]}}